{"id":13858,"date":"2024-06-24T13:43:57","date_gmt":"2024-06-24T13:43:57","guid":{"rendered":"https:\/\/www.mecaconcept.com\/conception-mecanique-cao-anglais\/"},"modified":"2026-03-13T08:57:51","modified_gmt":"2026-03-13T08:57:51","slug":"mechanical-design-cad","status":"publish","type":"page","link":"https:\/\/www.mecaconcept.com\/en\/industrial-engineering\/mechanical-design-cad\/","title":{"rendered":"mechanical design, CAD"},"content":{"rendered":"<div id=\"cs-content\" class=\"cs-content\"><\/div>\n","protected":false},"excerpt":{"rendered":"<p>MECACONCEPT,MECHANICAL DESIGN OFFICE, finite element calculations, studies of metal frames Are you looking for a reliable partner to whom you can entrust the study of your industrial equipment? MECACONCEPT assists you in this crucial step and helps you bring your industrial project.MECHANICAL DESIGN OFFICE Mechanical design has been at the &#8230; <\/p>\n<div><a href=\"https:\/\/www.mecaconcept.com\/en\/industrial-engineering\/mechanical-design-cad\/\" class=\"more-link\">Read More<\/a><\/div>\n","protected":false},"author":1,"featured_media":13577,"parent":2933,"menu_order":0,"comment_status":"closed","ping_status":"open","template":"template-blank-4.php","meta":{"footnotes":""},"class_list":["post-13858","page","type-page","status-publish","has-post-thumbnail","hentry"],"yoast_head":"<!-- This site is optimized with the Yoast SEO Premium plugin v27.3 (Yoast SEO v27.3) - https:\/\/yoast.com\/product\/yoast-seo-premium-wordpress\/ -->\n<title>mechanical design, CAD - mecaconcept<\/title>\n<meta name=\"description\" content=\"Mecaconcept is a mechanical design office specializing in the design and manufacturing of special machines and automated lines.\" \/>\n<meta name=\"robots\" content=\"index, follow, max-snippet:-1, max-image-preview:large, max-video-preview:-1\" \/>\n<link rel=\"canonical\" href=\"https:\/\/www.mecaconcept.com\/en\/industrial-engineering\/mechanical-design-cad\/\" \/>\n<meta property=\"og:locale\" content=\"en_US\" \/>\n<meta property=\"og:type\" content=\"article\" \/>\n<meta property=\"og:title\" content=\"mechanical design, CAD mecaconcept\" \/>\n<meta property=\"og:description\" content=\"Mecaconcept is a mechanical design office specializing in the design and manufacturing of special machines and automated lines.\" \/>\n<meta property=\"og:url\" content=\"https:\/\/www.mecaconcept.com\/en\/industrial-engineering\/mechanical-design-cad\/\" \/>\n<meta property=\"og:site_name\" content=\"mecaconcept\" \/>\n<meta property=\"article:publisher\" content=\"https:\/\/www.facebook.com\/mecaconcept42\/\" \/>\n<meta property=\"article:modified_time\" content=\"2026-03-13T08:57:51+00:00\" \/>\n<meta property=\"og:image\" content=\"https:\/\/www.mecaconcept.com\/wp-content\/uploads\/2023\/09\/conception-realisation-machine_speciale_mecaconcept.webp\" \/>\n<meta name=\"twitter:card\" content=\"summary_large_image\" \/>\n<meta name=\"twitter:site\" content=\"@mecaconcept\" \/>\n<meta name=\"twitter:label1\" content=\"Est. reading time\" \/>\n\t<meta name=\"twitter:data1\" content=\"4 minutes\" \/>\n<script type=\"application\/ld+json\" class=\"yoast-schema-graph\">{\"@context\":\"https:\\\/\\\/schema.org\",\"@graph\":[{\"@type\":\"WebPage\",\"@id\":\"https:\\\/\\\/www.mecaconcept.com\\\/en\\\/industrial-engineering\\\/mechanical-design-cad\\\/\",\"url\":\"https:\\\/\\\/www.mecaconcept.com\\\/en\\\/industrial-engineering\\\/mechanical-design-cad\\\/\",\"name\":\"mechanical design, CAD - mecaconcept\",\"isPartOf\":{\"@id\":\"https:\\\/\\\/www.mecaconcept.com\\\/en\\\/#website\"},\"primaryImageOfPage\":{\"@id\":\"https:\\\/\\\/www.mecaconcept.com\\\/en\\\/industrial-engineering\\\/mechanical-design-cad\\\/#primaryimage\"},\"image\":{\"@id\":\"https:\\\/\\\/www.mecaconcept.com\\\/en\\\/industrial-engineering\\\/mechanical-design-cad\\\/#primaryimage\"},\"thumbnailUrl\":\"https:\\\/\\\/www.mecaconcept.com\\\/wp-content\\\/uploads\\\/2019\\\/09\\\/banc-essai.png\",\"datePublished\":\"2024-06-24T13:43:57+00:00\",\"dateModified\":\"2026-03-13T08:57:51+00:00\",\"description\":\"Mecaconcept is a mechanical design office specializing in the design and manufacturing of special machines and automated lines.\",\"breadcrumb\":{\"@id\":\"https:\\\/\\\/www.mecaconcept.com\\\/en\\\/industrial-engineering\\\/mechanical-design-cad\\\/#breadcrumb\"},\"inLanguage\":\"en-US\",\"potentialAction\":[{\"@type\":\"ReadAction\",\"target\":[\"https:\\\/\\\/www.mecaconcept.com\\\/en\\\/industrial-engineering\\\/mechanical-design-cad\\\/\"]}]},{\"@type\":\"ImageObject\",\"inLanguage\":\"en-US\",\"@id\":\"https:\\\/\\\/www.mecaconcept.com\\\/en\\\/industrial-engineering\\\/mechanical-design-cad\\\/#primaryimage\",\"url\":\"https:\\\/\\\/www.mecaconcept.com\\\/wp-content\\\/uploads\\\/2019\\\/09\\\/banc-essai.png\",\"contentUrl\":\"https:\\\/\\\/www.mecaconcept.com\\\/wp-content\\\/uploads\\\/2019\\\/09\\\/banc-essai.png\",\"width\":908,\"height\":605},{\"@type\":\"BreadcrumbList\",\"@id\":\"https:\\\/\\\/www.mecaconcept.com\\\/en\\\/industrial-engineering\\\/mechanical-design-cad\\\/#breadcrumb\",\"itemListElement\":[{\"@type\":\"ListItem\",\"position\":1,\"name\":\"Accueil\",\"item\":\"https:\\\/\\\/www.mecaconcept.com\\\/en\\\/\"},{\"@type\":\"ListItem\",\"position\":2,\"name\":\"industrial engineering\",\"item\":\"https:\\\/\\\/www.mecaconcept.com\\\/en\\\/industrial-engineering\\\/\"},{\"@type\":\"ListItem\",\"position\":3,\"name\":\"mechanical design, CAD\"}]},{\"@type\":\"WebSite\",\"@id\":\"https:\\\/\\\/www.mecaconcept.com\\\/en\\\/#website\",\"url\":\"https:\\\/\\\/www.mecaconcept.com\\\/en\\\/\",\"name\":\"mecaconcept\",\"description\":\"Concepteur et constructeur de solutions industrielles sur-mesure\",\"publisher\":{\"@id\":\"https:\\\/\\\/www.mecaconcept.com\\\/en\\\/#organization\"},\"potentialAction\":[{\"@type\":\"SearchAction\",\"target\":{\"@type\":\"EntryPoint\",\"urlTemplate\":\"https:\\\/\\\/www.mecaconcept.com\\\/en\\\/?s={search_term_string}\"},\"query-input\":{\"@type\":\"PropertyValueSpecification\",\"valueRequired\":true,\"valueName\":\"search_term_string\"}}],\"inLanguage\":\"en-US\"},{\"@type\":\"Organization\",\"@id\":\"https:\\\/\\\/www.mecaconcept.com\\\/en\\\/#organization\",\"name\":\"MECACONCEPT\",\"url\":\"https:\\\/\\\/www.mecaconcept.com\\\/en\\\/\",\"logo\":{\"@type\":\"ImageObject\",\"inLanguage\":\"en-US\",\"@id\":\"https:\\\/\\\/www.mecaconcept.com\\\/en\\\/#\\\/schema\\\/logo\\\/image\\\/\",\"url\":\"https:\\\/\\\/www.mecaconcept.com\\\/wp-content\\\/uploads\\\/2016\\\/12\\\/LOGO-J-e1482416990703.jpg\",\"contentUrl\":\"https:\\\/\\\/www.mecaconcept.com\\\/wp-content\\\/uploads\\\/2016\\\/12\\\/LOGO-J-e1482416990703.jpg\",\"width\":343,\"height\":345,\"caption\":\"MECACONCEPT\"},\"image\":{\"@id\":\"https:\\\/\\\/www.mecaconcept.com\\\/en\\\/#\\\/schema\\\/logo\\\/image\\\/\"},\"sameAs\":[\"https:\\\/\\\/www.facebook.com\\\/mecaconcept42\\\/\",\"https:\\\/\\\/x.com\\\/mecaconcept\",\"https:\\\/\\\/www.linkedin.com\\\/company\\\/mecaconcept\\\/\",\"https:\\\/\\\/www.youtube.com\\\/channel\\\/UCwEDVQmr1CYgNBthzZwURfw\"],\"description\":\"Concepteur et fabricant d\u2019\u00e9quipements industriels sur mesure. Install\u00e9e \u00e0 Roche la Moli\u00e8re depuis 1992, MECACONCEPT est sp\u00e9cialis\u00e9e en ing\u00e9nierie industrielle. Employant une cinquantaine de personnes, MECACONCEPT propose une offre de services \u00e9tendue allant de la conception et fabrication de machines sp\u00e9ciales et lignes automatis\u00e9es \u00e0 l\u2019int\u00e9gration de solutions innovantes en robotique, vision et informatique industrielle. La force de Mecaconcept repose sur son bureau d'\u00e9tudes totalement int\u00e9gr\u00e9 (m\u00e9canique, automatisme, robotique, vision et informatique industrielle) et sa capacit\u00e9 \u00e0 liaisonner l'ensemble de ces savoir-faire dans la r\u00e9alisation de solutions cl\u00e9 en main. MECACONCEPT con\u00e7oit, livre et installe ses machines \u00e0 travers le monde, gr\u00e2ce \u00e0 ses propres \u00e9quipes d\u2019int\u00e9gration et de mise en service. Le groupe dispose \u00e9galement de filiales au Canada et au Maroc.\",\"email\":\"contact@mecaconcept.com\",\"telephone\":\"+33477902121\",\"legalName\":\"ETUDES MECACONCEPT\",\"foundingDate\":\"1992-11-23\",\"vatID\":\"FR69389213877\",\"taxID\":\"38921387700027\",\"numberOfEmployees\":{\"@type\":\"QuantitativeValue\",\"minValue\":\"11\",\"maxValue\":\"50\"}}]}<\/script>\n<!-- \/ Yoast SEO Premium plugin. -->","yoast_head_json":{"title":"mechanical design, CAD - mecaconcept","description":"Mecaconcept is a mechanical design office specializing in the design and manufacturing of special machines and automated lines.","robots":{"index":"index","follow":"follow","max-snippet":"max-snippet:-1","max-image-preview":"max-image-preview:large","max-video-preview":"max-video-preview:-1"},"canonical":"https:\/\/www.mecaconcept.com\/en\/industrial-engineering\/mechanical-design-cad\/","og_locale":"en_US","og_type":"article","og_title":"mechanical design, CAD mecaconcept","og_description":"Mecaconcept is a mechanical design office specializing in the design and manufacturing of special machines and automated lines.","og_url":"https:\/\/www.mecaconcept.com\/en\/industrial-engineering\/mechanical-design-cad\/","og_site_name":"mecaconcept","article_publisher":"https:\/\/www.facebook.com\/mecaconcept42\/","article_modified_time":"2026-03-13T08:57:51+00:00","og_image":[{"url":"https:\/\/www.mecaconcept.com\/wp-content\/uploads\/2023\/09\/conception-realisation-machine_speciale_mecaconcept.webp","type":"","width":"","height":""}],"twitter_card":"summary_large_image","twitter_site":"@mecaconcept","twitter_misc":{"Est. reading time":"4 minutes"},"schema":{"@context":"https:\/\/schema.org","@graph":[{"@type":"WebPage","@id":"https:\/\/www.mecaconcept.com\/en\/industrial-engineering\/mechanical-design-cad\/","url":"https:\/\/www.mecaconcept.com\/en\/industrial-engineering\/mechanical-design-cad\/","name":"mechanical design, CAD - mecaconcept","isPartOf":{"@id":"https:\/\/www.mecaconcept.com\/en\/#website"},"primaryImageOfPage":{"@id":"https:\/\/www.mecaconcept.com\/en\/industrial-engineering\/mechanical-design-cad\/#primaryimage"},"image":{"@id":"https:\/\/www.mecaconcept.com\/en\/industrial-engineering\/mechanical-design-cad\/#primaryimage"},"thumbnailUrl":"https:\/\/www.mecaconcept.com\/wp-content\/uploads\/2019\/09\/banc-essai.png","datePublished":"2024-06-24T13:43:57+00:00","dateModified":"2026-03-13T08:57:51+00:00","description":"Mecaconcept is a mechanical design office specializing in the design and manufacturing of special machines and automated lines.","breadcrumb":{"@id":"https:\/\/www.mecaconcept.com\/en\/industrial-engineering\/mechanical-design-cad\/#breadcrumb"},"inLanguage":"en-US","potentialAction":[{"@type":"ReadAction","target":["https:\/\/www.mecaconcept.com\/en\/industrial-engineering\/mechanical-design-cad\/"]}]},{"@type":"ImageObject","inLanguage":"en-US","@id":"https:\/\/www.mecaconcept.com\/en\/industrial-engineering\/mechanical-design-cad\/#primaryimage","url":"https:\/\/www.mecaconcept.com\/wp-content\/uploads\/2019\/09\/banc-essai.png","contentUrl":"https:\/\/www.mecaconcept.com\/wp-content\/uploads\/2019\/09\/banc-essai.png","width":908,"height":605},{"@type":"BreadcrumbList","@id":"https:\/\/www.mecaconcept.com\/en\/industrial-engineering\/mechanical-design-cad\/#breadcrumb","itemListElement":[{"@type":"ListItem","position":1,"name":"Accueil","item":"https:\/\/www.mecaconcept.com\/en\/"},{"@type":"ListItem","position":2,"name":"industrial engineering","item":"https:\/\/www.mecaconcept.com\/en\/industrial-engineering\/"},{"@type":"ListItem","position":3,"name":"mechanical design, CAD"}]},{"@type":"WebSite","@id":"https:\/\/www.mecaconcept.com\/en\/#website","url":"https:\/\/www.mecaconcept.com\/en\/","name":"mecaconcept","description":"Concepteur et constructeur de solutions industrielles sur-mesure","publisher":{"@id":"https:\/\/www.mecaconcept.com\/en\/#organization"},"potentialAction":[{"@type":"SearchAction","target":{"@type":"EntryPoint","urlTemplate":"https:\/\/www.mecaconcept.com\/en\/?s={search_term_string}"},"query-input":{"@type":"PropertyValueSpecification","valueRequired":true,"valueName":"search_term_string"}}],"inLanguage":"en-US"},{"@type":"Organization","@id":"https:\/\/www.mecaconcept.com\/en\/#organization","name":"MECACONCEPT","url":"https:\/\/www.mecaconcept.com\/en\/","logo":{"@type":"ImageObject","inLanguage":"en-US","@id":"https:\/\/www.mecaconcept.com\/en\/#\/schema\/logo\/image\/","url":"https:\/\/www.mecaconcept.com\/wp-content\/uploads\/2016\/12\/LOGO-J-e1482416990703.jpg","contentUrl":"https:\/\/www.mecaconcept.com\/wp-content\/uploads\/2016\/12\/LOGO-J-e1482416990703.jpg","width":343,"height":345,"caption":"MECACONCEPT"},"image":{"@id":"https:\/\/www.mecaconcept.com\/en\/#\/schema\/logo\/image\/"},"sameAs":["https:\/\/www.facebook.com\/mecaconcept42\/","https:\/\/x.com\/mecaconcept","https:\/\/www.linkedin.com\/company\/mecaconcept\/","https:\/\/www.youtube.com\/channel\/UCwEDVQmr1CYgNBthzZwURfw"],"description":"Concepteur et fabricant d\u2019\u00e9quipements industriels sur mesure. Install\u00e9e \u00e0 Roche la Moli\u00e8re depuis 1992, MECACONCEPT est sp\u00e9cialis\u00e9e en ing\u00e9nierie industrielle. Employant une cinquantaine de personnes, MECACONCEPT propose une offre de services \u00e9tendue allant de la conception et fabrication de machines sp\u00e9ciales et lignes automatis\u00e9es \u00e0 l\u2019int\u00e9gration de solutions innovantes en robotique, vision et informatique industrielle. La force de Mecaconcept repose sur son bureau d'\u00e9tudes totalement int\u00e9gr\u00e9 (m\u00e9canique, automatisme, robotique, vision et informatique industrielle) et sa capacit\u00e9 \u00e0 liaisonner l'ensemble de ces savoir-faire dans la r\u00e9alisation de solutions cl\u00e9 en main. MECACONCEPT con\u00e7oit, livre et installe ses machines \u00e0 travers le monde, gr\u00e2ce \u00e0 ses propres \u00e9quipes d\u2019int\u00e9gration et de mise en service. Le groupe dispose \u00e9galement de filiales au Canada et au Maroc.","email":"contact@mecaconcept.com","telephone":"+33477902121","legalName":"ETUDES MECACONCEPT","foundingDate":"1992-11-23","vatID":"FR69389213877","taxID":"38921387700027","numberOfEmployees":{"@type":"QuantitativeValue","minValue":"11","maxValue":"50"}}]}},"_links":{"self":[{"href":"https:\/\/www.mecaconcept.com\/en\/wp-json\/wp\/v2\/pages\/13858","targetHints":{"allow":["GET"]}}],"collection":[{"href":"https:\/\/www.mecaconcept.com\/en\/wp-json\/wp\/v2\/pages"}],"about":[{"href":"https:\/\/www.mecaconcept.com\/en\/wp-json\/wp\/v2\/types\/page"}],"author":[{"embeddable":true,"href":"https:\/\/www.mecaconcept.com\/en\/wp-json\/wp\/v2\/users\/1"}],"replies":[{"embeddable":true,"href":"https:\/\/www.mecaconcept.com\/en\/wp-json\/wp\/v2\/comments?post=13858"}],"version-history":[{"count":5,"href":"https:\/\/www.mecaconcept.com\/en\/wp-json\/wp\/v2\/pages\/13858\/revisions"}],"predecessor-version":[{"id":15377,"href":"https:\/\/www.mecaconcept.com\/en\/wp-json\/wp\/v2\/pages\/13858\/revisions\/15377"}],"up":[{"embeddable":true,"href":"https:\/\/www.mecaconcept.com\/en\/wp-json\/wp\/v2\/pages\/2933"}],"wp:featuredmedia":[{"embeddable":true,"href":"https:\/\/www.mecaconcept.com\/en\/wp-json\/wp\/v2\/media\/13577"}],"wp:attachment":[{"href":"https:\/\/www.mecaconcept.com\/en\/wp-json\/wp\/v2\/media?parent=13858"}],"curies":[{"name":"wp","href":"https:\/\/api.w.org\/{rel}","templated":true}]}}