{"id":3235,"date":"2017-06-15T14:54:59","date_gmt":"2017-06-15T14:54:59","guid":{"rendered":"https:\/\/www.mecaconcept.com\/compagny\/partner-network\/"},"modified":"2017-06-15T15:17:25","modified_gmt":"2017-06-15T15:17:25","slug":"partners","status":"publish","type":"page","link":"https:\/\/www.mecaconcept.com\/en\/societe-2\/partners\/","title":{"rendered":"Network of partners"},"content":{"rendered":"<div id=\"x-section-1\" class=\"x-section\" style=\"margin: 0px 0px 0px 0px; padding: 45px 0px 45px 0px;  background-color: transparent;\" ><div id=\"\" class=\"x-container max width\" style=\"margin: 0px auto 0px auto; padding: 0px 0px 0px 0px; \" ><div  class=\"x-column x-sm x-1-1\" style=\"padding: 0px 0px 0px 0px; \" ><h2  class=\"h-custom-headline h3\" style=\"margin:0\"><span><span style=\"color: #28516f; font-size:30px; font-weight:300;\">MECACONCEPT,<\/span><\/span><\/h2><h1  class=\"h-custom-headline h3\" style=\"margin-top:5px\"><span>\n<div class=\"responsive-heading-2\" style = \"color: #28516f; font-weight: 400; line-height: 1; text-transform: uppercase;\">Our partners : a multiplied strength<br \/>\n<\/ div><br \/>\n<span id=\"x-responsive-text-1\" data-x-element-responsive-text=\"{&quot;selector&quot;:&quot;.responsive-heading-2&quot;,&quot;compression&quot;:&quot;0.9&quot;,&quot;minFontSize&quot;:&quot;30px&quot;,&quot;maxFontSize&quot;:&quot;65px&quot;}\"><\/span><\/span><\/h1><hr  class=\"x-hr\" style=\"border-width:10px; border-color:#28516f; width:200px\"><hr  class=\"x-gap\" style=\"margin: 50px 0 0 0;\"><div id=\"\" class=\"x-text\" style=\"margin-bottom:50px;\" ><p><span style=\"color: #28516f; font-size: 22px;\"><span style=\"color: #28516f; font-size: 24px;\">MECACONCEPT relies on the dynamism and exceptional know-how of St Etienne and of the Rh\u00f4ne Alpes-Auvergne region, to mobilize local industrial, scientific and academic partners.<\/span><\/p>\n<p><span style=\"color: #28516f; font-size: 22px;\"><span style=\"color: #28516f; font-size: 22px;\"><strong>With them, we can (almost) do everything!<br \/>\n<\/strong> <\/span><\/p>\n<\/div><ul  class=\"x-block-grid three-up\" style=\"text-align:justi\"><li  class=\"x-block-grid-item\" >\n<p style=\"text-align: left;\"><span style=\"color: #28516f; font-size: 22px;\">Industrial partners:<br \/>\n<\/span><\/p>\n<ul>\n<li style=\"text-align: left;\"><span style=\"color: #28516f; font-size: 18px; font-weight: 300;\">General, precision, large dimensions machining<br \/>\n<\/span><\/li>\n<li style=\"text-align: left;\"><span style=\"color: #28516f; line-height: 1.5; font-size: 18px; font-weight: 300;\">Boilerwork certified, sheet metal, piping, framing.<br \/>\n<\/span><\/li>\n<li style=\"text-align: left;\"><span style=\"color: #28516f; line-height: 1.5; font-size: 18px; font-weight: 300;\">Technical metalworking: stainless steel, light alloys, nickel base, titanium, inconel, zircaloy.<\/span><\/li>\n<li style=\"text-align: left;\"><span style=\"color: #28516f; line-height: 1.5; font-size: 18px; font-weight: 300;\">Important stocks of industrial materials and components.<\/span><\/li>\n<li style=\"text-align: left;\"><span style=\"color: #28516f; line-height: 1.5; font-size: 18px; font-weight: 300;\">Medium and high power electrical, hydraulic and pneumatic servos.<br \/>\n<\/span><\/li>\n<li style=\"text-align: left;\"><span style=\"color: #28516f; line-height: 1.5; font-size: 18px; font-weight: 300;\">Handling and special transport.<\/span><\/li>\n<li style=\"text-align: left;\"><span style=\"color: #28516f; line-height: 1.5; font-size: 18px; font-weight: 300;\">Installation on site, start-up.<br \/>\n<\/span><\/li>\n<\/ul>\n<\/li><li  class=\"x-block-grid-item\" style=\"text-align:justify;\">\n<p style=\"text-align: left;\"><span style=\"color: #28516f; font-size: 22px;\">R &#038; D and academic partners:<br \/>\n<\/span><\/p>\n<ul>\n<li style=\"text-align: left;\"><span style=\"color: #28516f; line-height: 1.5; font-size: 18px; font-weight: 300;\">Competitive clusters: VIAMECA, RHONE ALPES AUTOMOTIVE CLUSTER.<br \/>\n<\/span><\/li>\n<li style=\"text-align: left;\"><span style=\"color: #28516f; line-height: 1.5; font-size: 18px; font-weight: 300;\">Schools of engineers and higher education: ENISE, IUT of ST ETIENNE.<br \/>\n<\/span><\/li>\n<\/ul>\n<\/li><li  class=\"x-block-grid-item\" >\n<p style=\"text-align: left;\"><span style=\"color: #28516f; font-size: 22px;\">Partners design, marketing, clusters:<\/span><\/p>\n<ul>\n<li style=\"text-align: left;\"><span style=\"color: #28516f; font-size: 18px; font-weight: 300;\"><a href=\"http:\/\/www.kosmoss.fr\">KOSMOSS Group: design, industrial creativity.<br \/>\n<\/span><\/li>\n<li style=\"text-align: left;\"><span style=\"color: #28516f; line-height: 1.5; font-size: 18px; font-weight: 300;\"><a href=\"http:\/\/www.lm-formation-conseil.com\">LM conseil<\/a> : web marketing, strategy.<\/span><\/li>\n<li style=\"text-align: left;\"><span style=\"color: #28516f; font-size: 18px; font-weight: 300;\"><a href=\"http:\/\/www.viameca.fr\/\">VIAMECA<\/a> : Research and calculation centers.<br \/>\n.<\/span><\/li>\n<\/ul>\n<\/li><\/ul><\/div><\/div><div id=\"\" class=\"x-container max width\" style=\"margin: 0px auto 0px auto; padding: 0px 0px 0px 0px; \" ><div  class=\"x-column x-sm x-1-6\" style=\"padding: 0px 0px 0px 0px; \" ><img decoding=\"async\"  class=\"x-img x-img-none lazyload\" style=\"--smush-placeholder-width: 800px; --smush-placeholder-aspect-ratio: 800\/600;margin:0\" data-src=\"https:\/\/www.mecaconcept.com\/wp-content\/uploads\/2015\/11\/chaudronnerie_construction_machine-speciale_mecaconcept.jpg\" alt=\"chaudronnerie_construction_machine-speciale_mecaconcept\" src=\"data:image\/svg+xml;base64,PHN2ZyB3aWR0aD0iMSIgaGVpZ2h0PSIxIiB4bWxucz0iaHR0cDovL3d3dy53My5vcmcvMjAwMC9zdmciPjwvc3ZnPg==\"><\/div><div  class=\"x-column x-sm x-1-6\" style=\"padding: 0px 0px 0px 0px; \" ><img decoding=\"async\"  class=\"x-img x-img-none lazyload\" style=\"--smush-placeholder-width: 800px; --smush-placeholder-aspect-ratio: 800\/600;margin:0\" data-src=\"https:\/\/www.mecaconcept.com\/wp-content\/uploads\/2015\/11\/usinage-5-axes_precision_machine-speciale_mecaconcept.jpg\" alt=\"usinage-5-axes_precision_machine-speciale_mecaconcept\" src=\"data:image\/svg+xml;base64,PHN2ZyB3aWR0aD0iMSIgaGVpZ2h0PSIxIiB4bWxucz0iaHR0cDovL3d3dy53My5vcmcvMjAwMC9zdmciPjwvc3ZnPg==\"><\/div><div  class=\"x-column x-sm x-1-6\" style=\"padding: 0px 0px 0px 0px; \" ><img decoding=\"async\"  class=\"x-img x-img-none lazyload\" style=\"--smush-placeholder-width: 800px; --smush-placeholder-aspect-ratio: 800\/600;margin:0\" data-src=\"https:\/\/www.mecaconcept.com\/wp-content\/uploads\/2015\/11\/installation_manutention_installation_machine-speciale_mecaconcept.jpg\" alt=\"installation_manutention_installation_machine-speciale_mecaconcept\" src=\"data:image\/svg+xml;base64,PHN2ZyB3aWR0aD0iMSIgaGVpZ2h0PSIxIiB4bWxucz0iaHR0cDovL3d3dy53My5vcmcvMjAwMC9zdmciPjwvc3ZnPg==\"><\/div><div  class=\"x-column x-sm x-1-6\" style=\"padding: 0px 0px 0px 0px; \" ><img decoding=\"async\"  class=\"x-img x-img-none lazyload\" style=\"--smush-placeholder-width: 800px; --smush-placeholder-aspect-ratio: 800\/600;margin:0\" data-src=\"https:\/\/www.mecaconcept.com\/wp-content\/uploads\/2015\/11\/controle-3D_precision_machine-speciale_mecaconcept.jpg\" alt=\"controle-3D_precision_machine-speciale_mecaconcept\" src=\"data:image\/svg+xml;base64,PHN2ZyB3aWR0aD0iMSIgaGVpZ2h0PSIxIiB4bWxucz0iaHR0cDovL3d3dy53My5vcmcvMjAwMC9zdmciPjwvc3ZnPg==\"><\/div><div  class=\"x-column x-sm x-1-6\" style=\"padding: 0px 0px 0px 0px; \" ><img decoding=\"async\"  class=\"x-img x-img-none lazyload\" style=\"--smush-placeholder-width: 800px; --smush-placeholder-aspect-ratio: 800\/600;margin:0\" data-src=\"https:\/\/www.mecaconcept.com\/wp-content\/uploads\/2015\/11\/usinage_inox_construction_machine-speciale_mecaconcept.jpg\" alt=\"usinage_inox_construction_machine-speciale_mecaconcept\" src=\"data:image\/svg+xml;base64,PHN2ZyB3aWR0aD0iMSIgaGVpZ2h0PSIxIiB4bWxucz0iaHR0cDovL3d3dy53My5vcmcvMjAwMC9zdmciPjwvc3ZnPg==\"><\/div><div  class=\"x-column x-sm x-1-6\" style=\"padding: 0px 0px 0px 0px; \" ><img decoding=\"async\"  class=\"x-img x-img-none lazyload\" style=\"--smush-placeholder-width: 300px; --smush-placeholder-aspect-ratio: 300\/199;margin:0\" data-src=\"https:\/\/www.mecaconcept.com\/wp-content\/uploads\/2015\/11\/charpentes_ROCHE_INDUSTRIES_CNIM_2311_05_DSC_0395.jpg\" alt=\"charpentes\" src=\"data:image\/svg+xml;base64,PHN2ZyB3aWR0aD0iMSIgaGVpZ2h0PSIxIiB4bWxucz0iaHR0cDovL3d3dy53My5vcmcvMjAwMC9zdmciPjwvc3ZnPg==\"><\/div><\/div><\/div><div id=\"x-section-2\" class=\"x-section bg-image parallax lazyload\" style=\"margin: 0px 0px 0px 0px; padding: 45px 0px 45px 0px; box-shadow: 0 0px 10px 0px rgba(0,0,0,0.2); background-image:inherit; background-color: transparent;\" data-x-element=\"section\" data-x-params=\"{&quot;type&quot;:&quot;image&quot;,&quot;parallax&quot;:true}\" data-bg-image=\"url(https:\/\/www.mecaconcept.com\/wp-content\/uploads\/2015\/07\/5497113_1sssss436513558.jpg)\"><div id=\"\" class=\"x-container max width\" style=\"margin: 0px auto 0px auto; padding: 0px 0px 0px 0px; \" ><div  class=\"x-column x-sm x-1-1\" style=\"padding: 0px 0px 0px 0px; \" ><a  class=\"x-img x-img-link x-img-none\" style=\"max-width:500px; display:table;margin:0 auto;\" href=\"mailto:contact@mecaconcept.com\"     data-options=\"thumbnail: 'https:\/\/www.mecaconcept.com\/wp-content\/uploads\/2017\/06\/A-NEW-PROJECT-_-CONTACT-US-.png'\"><img decoding=\"async\" data-src=\"https:\/\/www.mecaconcept.com\/wp-content\/uploads\/2017\/06\/A-NEW-PROJECT-_-CONTACT-US-.png\"  src=\"data:image\/svg+xml;base64,PHN2ZyB3aWR0aD0iMSIgaGVpZ2h0PSIxIiB4bWxucz0iaHR0cDovL3d3dy53My5vcmcvMjAwMC9zdmciPjwvc3ZnPg==\" class=\"lazyload\" style=\"--smush-placeholder-width: 750px; --smush-placeholder-aspect-ratio: 750\/90;\"><\/a><\/div><\/div><\/div>\n","protected":false},"excerpt":{"rendered":"","protected":false},"author":1,"featured_media":13524,"parent":13243,"menu_order":0,"comment_status":"closed","ping_status":"open","template":"template-blank-4.php","meta":{"footnotes":""},"class_list":["post-3235","page","type-page","status-publish","has-post-thumbnail","hentry"],"yoast_head":"<!-- This site is optimized with the Yoast SEO Premium plugin v27.3 (Yoast SEO v27.3) - https:\/\/yoast.com\/product\/yoast-seo-premium-wordpress\/ -->\n<title>Mecaconcept and its network of associated partners<\/title>\n<meta name=\"description\" content=\"MECACONCEPT relies on the exceptional dynamism and know-how of the partners in its territory of St Etienne.\" \/>\n<meta name=\"robots\" content=\"index, follow, max-snippet:-1, max-image-preview:large, max-video-preview:-1\" \/>\n<link rel=\"canonical\" href=\"https:\/\/www.mecaconcept.com\/en\/societe-2\/partners\/\" \/>\n<meta property=\"og:locale\" content=\"en_US\" \/>\n<meta property=\"og:type\" content=\"article\" \/>\n<meta property=\"og:title\" content=\"Network of partners mecaconcept\" \/>\n<meta property=\"og:description\" content=\"MECACONCEPT relies on the exceptional dynamism and know-how of the partners in its territory of St Etienne.\" \/>\n<meta property=\"og:url\" content=\"https:\/\/www.mecaconcept.com\/en\/societe-2\/partners\/\" \/>\n<meta property=\"og:site_name\" content=\"mecaconcept\" \/>\n<meta property=\"article:publisher\" content=\"https:\/\/www.facebook.com\/mecaconcept42\/\" \/>\n<meta property=\"article:modified_time\" content=\"2017-06-15T15:17:25+00:00\" \/>\n<meta property=\"og:image\" content=\"https:\/\/www.mecaconcept.com\/wp-content\/uploads\/2019\/09\/MECA-1-scaled.webp\" \/>\n\t<meta property=\"og:image:width\" content=\"2560\" \/>\n\t<meta property=\"og:image:height\" content=\"1153\" \/>\n\t<meta property=\"og:image:type\" content=\"image\/webp\" \/>\n<meta name=\"twitter:card\" content=\"summary_large_image\" \/>\n<meta name=\"twitter:site\" content=\"@mecaconcept\" \/>\n<meta name=\"twitter:label1\" content=\"Est. reading time\" \/>\n\t<meta name=\"twitter:data1\" content=\"4 minutes\" \/>\n<script type=\"application\/ld+json\" class=\"yoast-schema-graph\">{\"@context\":\"https:\\\/\\\/schema.org\",\"@graph\":[{\"@type\":\"WebPage\",\"@id\":\"https:\\\/\\\/www.mecaconcept.com\\\/en\\\/societe-2\\\/partners\\\/\",\"url\":\"https:\\\/\\\/www.mecaconcept.com\\\/en\\\/societe-2\\\/partners\\\/\",\"name\":\"Mecaconcept and its network of associated partners\",\"isPartOf\":{\"@id\":\"https:\\\/\\\/www.mecaconcept.com\\\/en\\\/#website\"},\"primaryImageOfPage\":{\"@id\":\"https:\\\/\\\/www.mecaconcept.com\\\/en\\\/societe-2\\\/partners\\\/#primaryimage\"},\"image\":{\"@id\":\"https:\\\/\\\/www.mecaconcept.com\\\/en\\\/societe-2\\\/partners\\\/#primaryimage\"},\"thumbnailUrl\":\"https:\\\/\\\/www.mecaconcept.com\\\/wp-content\\\/uploads\\\/2019\\\/09\\\/Logo-Production-France_coul.png\",\"datePublished\":\"2017-06-15T14:54:59+00:00\",\"dateModified\":\"2017-06-15T15:17:25+00:00\",\"description\":\"MECACONCEPT relies on the exceptional dynamism and know-how of the partners in its territory of St Etienne.\",\"breadcrumb\":{\"@id\":\"https:\\\/\\\/www.mecaconcept.com\\\/en\\\/societe-2\\\/partners\\\/#breadcrumb\"},\"inLanguage\":\"en-US\",\"potentialAction\":[{\"@type\":\"ReadAction\",\"target\":[\"https:\\\/\\\/www.mecaconcept.com\\\/en\\\/societe-2\\\/partners\\\/\"]}]},{\"@type\":\"ImageObject\",\"inLanguage\":\"en-US\",\"@id\":\"https:\\\/\\\/www.mecaconcept.com\\\/en\\\/societe-2\\\/partners\\\/#primaryimage\",\"url\":\"https:\\\/\\\/www.mecaconcept.com\\\/wp-content\\\/uploads\\\/2019\\\/09\\\/Logo-Production-France_coul.png\",\"contentUrl\":\"https:\\\/\\\/www.mecaconcept.com\\\/wp-content\\\/uploads\\\/2019\\\/09\\\/Logo-Production-France_coul.png\",\"width\":1063,\"height\":1182,\"caption\":\"Mecaconcept\"},{\"@type\":\"BreadcrumbList\",\"@id\":\"https:\\\/\\\/www.mecaconcept.com\\\/en\\\/societe-2\\\/partners\\\/#breadcrumb\",\"itemListElement\":[{\"@type\":\"ListItem\",\"position\":1,\"name\":\"Accueil\",\"item\":\"https:\\\/\\\/www.mecaconcept.com\\\/en\\\/\"},{\"@type\":\"ListItem\",\"position\":2,\"name\":\"Our partners\"}]},{\"@type\":\"WebSite\",\"@id\":\"https:\\\/\\\/www.mecaconcept.com\\\/en\\\/#website\",\"url\":\"https:\\\/\\\/www.mecaconcept.com\\\/en\\\/\",\"name\":\"mecaconcept\",\"description\":\"Concepteur et constructeur de solutions industrielles sur-mesure\",\"publisher\":{\"@id\":\"https:\\\/\\\/www.mecaconcept.com\\\/en\\\/#organization\"},\"potentialAction\":[{\"@type\":\"SearchAction\",\"target\":{\"@type\":\"EntryPoint\",\"urlTemplate\":\"https:\\\/\\\/www.mecaconcept.com\\\/en\\\/?s={search_term_string}\"},\"query-input\":{\"@type\":\"PropertyValueSpecification\",\"valueRequired\":true,\"valueName\":\"search_term_string\"}}],\"inLanguage\":\"en-US\"},{\"@type\":\"Organization\",\"@id\":\"https:\\\/\\\/www.mecaconcept.com\\\/en\\\/#organization\",\"name\":\"MECACONCEPT\",\"url\":\"https:\\\/\\\/www.mecaconcept.com\\\/en\\\/\",\"logo\":{\"@type\":\"ImageObject\",\"inLanguage\":\"en-US\",\"@id\":\"https:\\\/\\\/www.mecaconcept.com\\\/en\\\/#\\\/schema\\\/logo\\\/image\\\/\",\"url\":\"https:\\\/\\\/www.mecaconcept.com\\\/wp-content\\\/uploads\\\/2016\\\/12\\\/LOGO-J-e1482416990703.jpg\",\"contentUrl\":\"https:\\\/\\\/www.mecaconcept.com\\\/wp-content\\\/uploads\\\/2016\\\/12\\\/LOGO-J-e1482416990703.jpg\",\"width\":343,\"height\":345,\"caption\":\"MECACONCEPT\"},\"image\":{\"@id\":\"https:\\\/\\\/www.mecaconcept.com\\\/en\\\/#\\\/schema\\\/logo\\\/image\\\/\"},\"sameAs\":[\"https:\\\/\\\/www.facebook.com\\\/mecaconcept42\\\/\",\"https:\\\/\\\/x.com\\\/mecaconcept\",\"https:\\\/\\\/www.linkedin.com\\\/company\\\/mecaconcept\\\/\",\"https:\\\/\\\/www.youtube.com\\\/channel\\\/UCwEDVQmr1CYgNBthzZwURfw\"],\"description\":\"Concepteur et fabricant d\u2019\u00e9quipements industriels sur mesure. Install\u00e9e \u00e0 Roche la Moli\u00e8re depuis 1992, MECACONCEPT est sp\u00e9cialis\u00e9e en ing\u00e9nierie industrielle. Employant une cinquantaine de personnes, MECACONCEPT propose une offre de services \u00e9tendue allant de la conception et fabrication de machines sp\u00e9ciales et lignes automatis\u00e9es \u00e0 l\u2019int\u00e9gration de solutions innovantes en robotique, vision et informatique industrielle. La force de Mecaconcept repose sur son bureau d'\u00e9tudes totalement int\u00e9gr\u00e9 (m\u00e9canique, automatisme, robotique, vision et informatique industrielle) et sa capacit\u00e9 \u00e0 liaisonner l'ensemble de ces savoir-faire dans la r\u00e9alisation de solutions cl\u00e9 en main. MECACONCEPT con\u00e7oit, livre et installe ses machines \u00e0 travers le monde, gr\u00e2ce \u00e0 ses propres \u00e9quipes d\u2019int\u00e9gration et de mise en service. Le groupe dispose \u00e9galement de filiales au Canada et au Maroc.\",\"email\":\"contact@mecaconcept.com\",\"telephone\":\"+33477902121\",\"legalName\":\"ETUDES MECACONCEPT\",\"foundingDate\":\"1992-11-23\",\"vatID\":\"FR69389213877\",\"taxID\":\"38921387700027\",\"numberOfEmployees\":{\"@type\":\"QuantitativeValue\",\"minValue\":\"11\",\"maxValue\":\"50\"}}]}<\/script>\n<!-- \/ Yoast SEO Premium plugin. -->","yoast_head_json":{"title":"Mecaconcept and its network of associated partners","description":"MECACONCEPT relies on the exceptional dynamism and know-how of the partners in its territory of St Etienne.","robots":{"index":"index","follow":"follow","max-snippet":"max-snippet:-1","max-image-preview":"max-image-preview:large","max-video-preview":"max-video-preview:-1"},"canonical":"https:\/\/www.mecaconcept.com\/en\/societe-2\/partners\/","og_locale":"en_US","og_type":"article","og_title":"Network of partners mecaconcept","og_description":"MECACONCEPT relies on the exceptional dynamism and know-how of the partners in its territory of St Etienne.","og_url":"https:\/\/www.mecaconcept.com\/en\/societe-2\/partners\/","og_site_name":"mecaconcept","article_publisher":"https:\/\/www.facebook.com\/mecaconcept42\/","article_modified_time":"2017-06-15T15:17:25+00:00","og_image":[{"width":2560,"height":1153,"url":"https:\/\/www.mecaconcept.com\/wp-content\/uploads\/2019\/09\/MECA-1-scaled.webp","type":"image\/webp"}],"twitter_card":"summary_large_image","twitter_site":"@mecaconcept","twitter_misc":{"Est. reading time":"4 minutes"},"schema":{"@context":"https:\/\/schema.org","@graph":[{"@type":"WebPage","@id":"https:\/\/www.mecaconcept.com\/en\/societe-2\/partners\/","url":"https:\/\/www.mecaconcept.com\/en\/societe-2\/partners\/","name":"Mecaconcept and its network of associated partners","isPartOf":{"@id":"https:\/\/www.mecaconcept.com\/en\/#website"},"primaryImageOfPage":{"@id":"https:\/\/www.mecaconcept.com\/en\/societe-2\/partners\/#primaryimage"},"image":{"@id":"https:\/\/www.mecaconcept.com\/en\/societe-2\/partners\/#primaryimage"},"thumbnailUrl":"https:\/\/www.mecaconcept.com\/wp-content\/uploads\/2019\/09\/Logo-Production-France_coul.png","datePublished":"2017-06-15T14:54:59+00:00","dateModified":"2017-06-15T15:17:25+00:00","description":"MECACONCEPT relies on the exceptional dynamism and know-how of the partners in its territory of St Etienne.","breadcrumb":{"@id":"https:\/\/www.mecaconcept.com\/en\/societe-2\/partners\/#breadcrumb"},"inLanguage":"en-US","potentialAction":[{"@type":"ReadAction","target":["https:\/\/www.mecaconcept.com\/en\/societe-2\/partners\/"]}]},{"@type":"ImageObject","inLanguage":"en-US","@id":"https:\/\/www.mecaconcept.com\/en\/societe-2\/partners\/#primaryimage","url":"https:\/\/www.mecaconcept.com\/wp-content\/uploads\/2019\/09\/Logo-Production-France_coul.png","contentUrl":"https:\/\/www.mecaconcept.com\/wp-content\/uploads\/2019\/09\/Logo-Production-France_coul.png","width":1063,"height":1182,"caption":"Mecaconcept"},{"@type":"BreadcrumbList","@id":"https:\/\/www.mecaconcept.com\/en\/societe-2\/partners\/#breadcrumb","itemListElement":[{"@type":"ListItem","position":1,"name":"Accueil","item":"https:\/\/www.mecaconcept.com\/en\/"},{"@type":"ListItem","position":2,"name":"Our partners"}]},{"@type":"WebSite","@id":"https:\/\/www.mecaconcept.com\/en\/#website","url":"https:\/\/www.mecaconcept.com\/en\/","name":"mecaconcept","description":"Concepteur et constructeur de solutions industrielles sur-mesure","publisher":{"@id":"https:\/\/www.mecaconcept.com\/en\/#organization"},"potentialAction":[{"@type":"SearchAction","target":{"@type":"EntryPoint","urlTemplate":"https:\/\/www.mecaconcept.com\/en\/?s={search_term_string}"},"query-input":{"@type":"PropertyValueSpecification","valueRequired":true,"valueName":"search_term_string"}}],"inLanguage":"en-US"},{"@type":"Organization","@id":"https:\/\/www.mecaconcept.com\/en\/#organization","name":"MECACONCEPT","url":"https:\/\/www.mecaconcept.com\/en\/","logo":{"@type":"ImageObject","inLanguage":"en-US","@id":"https:\/\/www.mecaconcept.com\/en\/#\/schema\/logo\/image\/","url":"https:\/\/www.mecaconcept.com\/wp-content\/uploads\/2016\/12\/LOGO-J-e1482416990703.jpg","contentUrl":"https:\/\/www.mecaconcept.com\/wp-content\/uploads\/2016\/12\/LOGO-J-e1482416990703.jpg","width":343,"height":345,"caption":"MECACONCEPT"},"image":{"@id":"https:\/\/www.mecaconcept.com\/en\/#\/schema\/logo\/image\/"},"sameAs":["https:\/\/www.facebook.com\/mecaconcept42\/","https:\/\/x.com\/mecaconcept","https:\/\/www.linkedin.com\/company\/mecaconcept\/","https:\/\/www.youtube.com\/channel\/UCwEDVQmr1CYgNBthzZwURfw"],"description":"Concepteur et fabricant d\u2019\u00e9quipements industriels sur mesure. Install\u00e9e \u00e0 Roche la Moli\u00e8re depuis 1992, MECACONCEPT est sp\u00e9cialis\u00e9e en ing\u00e9nierie industrielle. Employant une cinquantaine de personnes, MECACONCEPT propose une offre de services \u00e9tendue allant de la conception et fabrication de machines sp\u00e9ciales et lignes automatis\u00e9es \u00e0 l\u2019int\u00e9gration de solutions innovantes en robotique, vision et informatique industrielle. La force de Mecaconcept repose sur son bureau d'\u00e9tudes totalement int\u00e9gr\u00e9 (m\u00e9canique, automatisme, robotique, vision et informatique industrielle) et sa capacit\u00e9 \u00e0 liaisonner l'ensemble de ces savoir-faire dans la r\u00e9alisation de solutions cl\u00e9 en main. MECACONCEPT con\u00e7oit, livre et installe ses machines \u00e0 travers le monde, gr\u00e2ce \u00e0 ses propres \u00e9quipes d\u2019int\u00e9gration et de mise en service. Le groupe dispose \u00e9galement de filiales au Canada et au Maroc.","email":"contact@mecaconcept.com","telephone":"+33477902121","legalName":"ETUDES MECACONCEPT","foundingDate":"1992-11-23","vatID":"FR69389213877","taxID":"38921387700027","numberOfEmployees":{"@type":"QuantitativeValue","minValue":"11","maxValue":"50"}}]}},"_links":{"self":[{"href":"https:\/\/www.mecaconcept.com\/en\/wp-json\/wp\/v2\/pages\/3235","targetHints":{"allow":["GET"]}}],"collection":[{"href":"https:\/\/www.mecaconcept.com\/en\/wp-json\/wp\/v2\/pages"}],"about":[{"href":"https:\/\/www.mecaconcept.com\/en\/wp-json\/wp\/v2\/types\/page"}],"author":[{"embeddable":true,"href":"https:\/\/www.mecaconcept.com\/en\/wp-json\/wp\/v2\/users\/1"}],"replies":[{"embeddable":true,"href":"https:\/\/www.mecaconcept.com\/en\/wp-json\/wp\/v2\/comments?post=3235"}],"version-history":[{"count":5,"href":"https:\/\/www.mecaconcept.com\/en\/wp-json\/wp\/v2\/pages\/3235\/revisions"}],"predecessor-version":[{"id":3244,"href":"https:\/\/www.mecaconcept.com\/en\/wp-json\/wp\/v2\/pages\/3235\/revisions\/3244"}],"up":[{"embeddable":true,"href":"https:\/\/www.mecaconcept.com\/en\/wp-json\/wp\/v2\/pages\/13243"}],"wp:featuredmedia":[{"embeddable":true,"href":"https:\/\/www.mecaconcept.com\/en\/wp-json\/wp\/v2\/media\/13524"}],"wp:attachment":[{"href":"https:\/\/www.mecaconcept.com\/en\/wp-json\/wp\/v2\/media?parent=3235"}],"curies":[{"name":"wp","href":"https:\/\/api.w.org\/{rel}","templated":true}]}}