{"id":5441,"date":"2018-05-23T14:52:02","date_gmt":"2018-05-23T14:52:02","guid":{"rendered":"https:\/\/www.mecaconcept.com\/industrial-engineering\/industrial-vision\/applications\/"},"modified":"2018-06-08T08:03:15","modified_gmt":"2018-06-08T08:03:15","slug":"vision-applications","status":"publish","type":"page","link":"https:\/\/www.mecaconcept.com\/en\/industrial-engineering\/industrial-vision\/vision-applications\/","title":{"rendered":"vision applications"},"content":{"rendered":"<div id=\"cs-content\" class=\"cs-content\"><\/div>\n","protected":false},"excerpt":{"rendered":"<p>MECACONCEPT, EXAMPLES OF APPLICATION IN INDUSTRIAL VISION &#8220;The industrial vision at the service of Excellence&#8221; AUTOMATED MEASUREMENT BENCH Using a very high resolution camera with telecentric lens and collimated lighting.USES : The bench makes it possible to check, from different angles, the conformity of the part with the characteristics required &#8230; <\/p>\n<div><a href=\"https:\/\/www.mecaconcept.com\/en\/industrial-engineering\/industrial-vision\/vision-applications\/\" class=\"more-link\">Read More<\/a><\/div>\n","protected":false},"author":1,"featured_media":11237,"parent":5449,"menu_order":0,"comment_status":"closed","ping_status":"closed","template":"template-blank-4.php","meta":{"footnotes":""},"class_list":["post-5441","page","type-page","status-publish","has-post-thumbnail","hentry"],"yoast_head":"<!-- This site is optimized with the Yoast SEO Premium plugin v27.3 (Yoast SEO v27.3) - https:\/\/yoast.com\/product\/yoast-seo-premium-wordpress\/ -->\n<title>[English] Vision industrielle : exemples d&#039;applications - Mecaconcept Rhone-Alpes<\/title>\n<meta name=\"description\" content=\"MECACONCEPT, int\u00e9grateur vision \u00e0 St Etienne, propose des solutions de mesure et d&#039;inspection optique 2D et 3D (contr\u00f4le de marquage OCR\/OCV \/ datamatrix, guidage robot, d\u00e9vracage) et des applications complexes gr\u00e2ce au Deep Learning et I.A.\" \/>\n<meta name=\"robots\" content=\"index, follow, max-snippet:-1, max-image-preview:large, max-video-preview:-1\" \/>\n<link rel=\"canonical\" href=\"https:\/\/www.mecaconcept.com\/en\/industrial-engineering\/industrial-vision\/vision-applications\/\" \/>\n<meta property=\"og:locale\" content=\"en_US\" \/>\n<meta property=\"og:type\" content=\"article\" \/>\n<meta property=\"og:title\" content=\"vision applications mecaconcept\" \/>\n<meta property=\"og:description\" content=\"MECACONCEPT, int\u00e9grateur vision \u00e0 St Etienne, propose des solutions de mesure et d&#039;inspection optique 2D et 3D (contr\u00f4le de marquage OCR\/OCV \/ datamatrix, guidage robot, d\u00e9vracage) et des applications complexes gr\u00e2ce au Deep Learning et I.A.\" \/>\n<meta property=\"og:url\" content=\"https:\/\/www.mecaconcept.com\/en\/industrial-engineering\/industrial-vision\/vision-applications\/\" \/>\n<meta property=\"og:site_name\" content=\"mecaconcept\" \/>\n<meta property=\"article:publisher\" content=\"https:\/\/www.facebook.com\/mecaconcept42\/\" \/>\n<meta property=\"article:modified_time\" content=\"2018-06-08T08:03:15+00:00\" \/>\n<meta property=\"og:image\" content=\"https:\/\/www.mecaconcept.com\/wp-content\/uploads\/2019\/09\/MECA-1-scaled.webp\" \/>\n\t<meta property=\"og:image:width\" content=\"2560\" \/>\n\t<meta property=\"og:image:height\" content=\"1153\" \/>\n\t<meta property=\"og:image:type\" content=\"image\/webp\" \/>\n<meta name=\"twitter:card\" content=\"summary_large_image\" \/>\n<meta name=\"twitter:site\" content=\"@mecaconcept\" \/>\n<meta name=\"twitter:label1\" content=\"Est. reading time\" \/>\n\t<meta name=\"twitter:data1\" content=\"2 minutes\" \/>\n<script type=\"application\/ld+json\" class=\"yoast-schema-graph\">{\"@context\":\"https:\\\/\\\/schema.org\",\"@graph\":[{\"@type\":\"WebPage\",\"@id\":\"https:\\\/\\\/www.mecaconcept.com\\\/en\\\/industrial-engineering\\\/industrial-vision\\\/vision-applications\\\/\",\"url\":\"https:\\\/\\\/www.mecaconcept.com\\\/en\\\/industrial-engineering\\\/industrial-vision\\\/vision-applications\\\/\",\"name\":\"[English] Vision industrielle : exemples d'applications - Mecaconcept Rhone-Alpes\",\"isPartOf\":{\"@id\":\"https:\\\/\\\/www.mecaconcept.com\\\/en\\\/#website\"},\"primaryImageOfPage\":{\"@id\":\"https:\\\/\\\/www.mecaconcept.com\\\/en\\\/industrial-engineering\\\/industrial-vision\\\/vision-applications\\\/#primaryimage\"},\"image\":{\"@id\":\"https:\\\/\\\/www.mecaconcept.com\\\/en\\\/industrial-engineering\\\/industrial-vision\\\/vision-applications\\\/#primaryimage\"},\"thumbnailUrl\":\"https:\\\/\\\/www.mecaconcept.com\\\/wp-content\\\/uploads\\\/2019\\\/09\\\/MECA-CHECK_mecaconcept_800px.png\",\"datePublished\":\"2018-05-23T14:52:02+00:00\",\"dateModified\":\"2018-06-08T08:03:15+00:00\",\"description\":\"MECACONCEPT, int\u00e9grateur vision \u00e0 St Etienne, propose des solutions de mesure et d'inspection optique 2D et 3D (contr\u00f4le de marquage OCR\\\/OCV \\\/ datamatrix, guidage robot, d\u00e9vracage) et des applications complexes gr\u00e2ce au Deep Learning et I.A.\",\"breadcrumb\":{\"@id\":\"https:\\\/\\\/www.mecaconcept.com\\\/en\\\/industrial-engineering\\\/industrial-vision\\\/vision-applications\\\/#breadcrumb\"},\"inLanguage\":\"en-US\",\"potentialAction\":[{\"@type\":\"ReadAction\",\"target\":[\"https:\\\/\\\/www.mecaconcept.com\\\/en\\\/industrial-engineering\\\/industrial-vision\\\/vision-applications\\\/\"]}]},{\"@type\":\"ImageObject\",\"inLanguage\":\"en-US\",\"@id\":\"https:\\\/\\\/www.mecaconcept.com\\\/en\\\/industrial-engineering\\\/industrial-vision\\\/vision-applications\\\/#primaryimage\",\"url\":\"https:\\\/\\\/www.mecaconcept.com\\\/wp-content\\\/uploads\\\/2019\\\/09\\\/MECA-CHECK_mecaconcept_800px.png\",\"contentUrl\":\"https:\\\/\\\/www.mecaconcept.com\\\/wp-content\\\/uploads\\\/2019\\\/09\\\/MECA-CHECK_mecaconcept_800px.png\",\"width\":519,\"height\":800,\"caption\":\"solution de contr\u00f4les qualit\u00e9\"},{\"@type\":\"BreadcrumbList\",\"@id\":\"https:\\\/\\\/www.mecaconcept.com\\\/en\\\/industrial-engineering\\\/industrial-vision\\\/vision-applications\\\/#breadcrumb\",\"itemListElement\":[{\"@type\":\"ListItem\",\"position\":1,\"name\":\"Accueil\",\"item\":\"https:\\\/\\\/www.mecaconcept.com\\\/en\\\/\"},{\"@type\":\"ListItem\",\"position\":2,\"name\":\"industrial engineering\",\"item\":\"https:\\\/\\\/www.mecaconcept.com\\\/en\\\/industrial-engineering\\\/\"},{\"@type\":\"ListItem\",\"position\":3,\"name\":\"[English] automatisme\",\"item\":\"https:\\\/\\\/www.mecaconcept.com\\\/en\\\/industrial-engineering\\\/industrial-vision\\\/\"},{\"@type\":\"ListItem\",\"position\":4,\"name\":\"vision applications\"}]},{\"@type\":\"WebSite\",\"@id\":\"https:\\\/\\\/www.mecaconcept.com\\\/en\\\/#website\",\"url\":\"https:\\\/\\\/www.mecaconcept.com\\\/en\\\/\",\"name\":\"mecaconcept\",\"description\":\"Concepteur et constructeur de solutions industrielles sur-mesure\",\"publisher\":{\"@id\":\"https:\\\/\\\/www.mecaconcept.com\\\/en\\\/#organization\"},\"potentialAction\":[{\"@type\":\"SearchAction\",\"target\":{\"@type\":\"EntryPoint\",\"urlTemplate\":\"https:\\\/\\\/www.mecaconcept.com\\\/en\\\/?s={search_term_string}\"},\"query-input\":{\"@type\":\"PropertyValueSpecification\",\"valueRequired\":true,\"valueName\":\"search_term_string\"}}],\"inLanguage\":\"en-US\"},{\"@type\":\"Organization\",\"@id\":\"https:\\\/\\\/www.mecaconcept.com\\\/en\\\/#organization\",\"name\":\"MECACONCEPT\",\"url\":\"https:\\\/\\\/www.mecaconcept.com\\\/en\\\/\",\"logo\":{\"@type\":\"ImageObject\",\"inLanguage\":\"en-US\",\"@id\":\"https:\\\/\\\/www.mecaconcept.com\\\/en\\\/#\\\/schema\\\/logo\\\/image\\\/\",\"url\":\"https:\\\/\\\/www.mecaconcept.com\\\/wp-content\\\/uploads\\\/2016\\\/12\\\/LOGO-J-e1482416990703.jpg\",\"contentUrl\":\"https:\\\/\\\/www.mecaconcept.com\\\/wp-content\\\/uploads\\\/2016\\\/12\\\/LOGO-J-e1482416990703.jpg\",\"width\":343,\"height\":345,\"caption\":\"MECACONCEPT\"},\"image\":{\"@id\":\"https:\\\/\\\/www.mecaconcept.com\\\/en\\\/#\\\/schema\\\/logo\\\/image\\\/\"},\"sameAs\":[\"https:\\\/\\\/www.facebook.com\\\/mecaconcept42\\\/\",\"https:\\\/\\\/x.com\\\/mecaconcept\",\"https:\\\/\\\/www.linkedin.com\\\/company\\\/mecaconcept\\\/\",\"https:\\\/\\\/www.youtube.com\\\/channel\\\/UCwEDVQmr1CYgNBthzZwURfw\"],\"description\":\"Concepteur et fabricant d\u2019\u00e9quipements industriels sur mesure. Install\u00e9e \u00e0 Roche la Moli\u00e8re depuis 1992, MECACONCEPT est sp\u00e9cialis\u00e9e en ing\u00e9nierie industrielle. Employant une cinquantaine de personnes, MECACONCEPT propose une offre de services \u00e9tendue allant de la conception et fabrication de machines sp\u00e9ciales et lignes automatis\u00e9es \u00e0 l\u2019int\u00e9gration de solutions innovantes en robotique, vision et informatique industrielle. La force de Mecaconcept repose sur son bureau d'\u00e9tudes totalement int\u00e9gr\u00e9 (m\u00e9canique, automatisme, robotique, vision et informatique industrielle) et sa capacit\u00e9 \u00e0 liaisonner l'ensemble de ces savoir-faire dans la r\u00e9alisation de solutions cl\u00e9 en main. MECACONCEPT con\u00e7oit, livre et installe ses machines \u00e0 travers le monde, gr\u00e2ce \u00e0 ses propres \u00e9quipes d\u2019int\u00e9gration et de mise en service. Le groupe dispose \u00e9galement de filiales au Canada et au Maroc.\",\"email\":\"contact@mecaconcept.com\",\"telephone\":\"+33477902121\",\"legalName\":\"ETUDES MECACONCEPT\",\"foundingDate\":\"1992-11-23\",\"vatID\":\"FR69389213877\",\"taxID\":\"38921387700027\",\"numberOfEmployees\":{\"@type\":\"QuantitativeValue\",\"minValue\":\"11\",\"maxValue\":\"50\"}}]}<\/script>\n<!-- \/ Yoast SEO Premium plugin. -->","yoast_head_json":{"title":"[English] Vision industrielle : exemples d'applications - Mecaconcept Rhone-Alpes","description":"MECACONCEPT, int\u00e9grateur vision \u00e0 St Etienne, propose des solutions de mesure et d'inspection optique 2D et 3D (contr\u00f4le de marquage OCR\/OCV \/ datamatrix, guidage robot, d\u00e9vracage) et des applications complexes gr\u00e2ce au Deep Learning et I.A.","robots":{"index":"index","follow":"follow","max-snippet":"max-snippet:-1","max-image-preview":"max-image-preview:large","max-video-preview":"max-video-preview:-1"},"canonical":"https:\/\/www.mecaconcept.com\/en\/industrial-engineering\/industrial-vision\/vision-applications\/","og_locale":"en_US","og_type":"article","og_title":"vision applications mecaconcept","og_description":"MECACONCEPT, int\u00e9grateur vision \u00e0 St Etienne, propose des solutions de mesure et d'inspection optique 2D et 3D (contr\u00f4le de marquage OCR\/OCV \/ datamatrix, guidage robot, d\u00e9vracage) et des applications complexes gr\u00e2ce au Deep Learning et I.A.","og_url":"https:\/\/www.mecaconcept.com\/en\/industrial-engineering\/industrial-vision\/vision-applications\/","og_site_name":"mecaconcept","article_publisher":"https:\/\/www.facebook.com\/mecaconcept42\/","article_modified_time":"2018-06-08T08:03:15+00:00","og_image":[{"width":2560,"height":1153,"url":"https:\/\/www.mecaconcept.com\/wp-content\/uploads\/2019\/09\/MECA-1-scaled.webp","type":"image\/webp"}],"twitter_card":"summary_large_image","twitter_site":"@mecaconcept","twitter_misc":{"Est. reading time":"2 minutes"},"schema":{"@context":"https:\/\/schema.org","@graph":[{"@type":"WebPage","@id":"https:\/\/www.mecaconcept.com\/en\/industrial-engineering\/industrial-vision\/vision-applications\/","url":"https:\/\/www.mecaconcept.com\/en\/industrial-engineering\/industrial-vision\/vision-applications\/","name":"[English] Vision industrielle : exemples d'applications - Mecaconcept Rhone-Alpes","isPartOf":{"@id":"https:\/\/www.mecaconcept.com\/en\/#website"},"primaryImageOfPage":{"@id":"https:\/\/www.mecaconcept.com\/en\/industrial-engineering\/industrial-vision\/vision-applications\/#primaryimage"},"image":{"@id":"https:\/\/www.mecaconcept.com\/en\/industrial-engineering\/industrial-vision\/vision-applications\/#primaryimage"},"thumbnailUrl":"https:\/\/www.mecaconcept.com\/wp-content\/uploads\/2019\/09\/MECA-CHECK_mecaconcept_800px.png","datePublished":"2018-05-23T14:52:02+00:00","dateModified":"2018-06-08T08:03:15+00:00","description":"MECACONCEPT, int\u00e9grateur vision \u00e0 St Etienne, propose des solutions de mesure et d'inspection optique 2D et 3D (contr\u00f4le de marquage OCR\/OCV \/ datamatrix, guidage robot, d\u00e9vracage) et des applications complexes gr\u00e2ce au Deep Learning et I.A.","breadcrumb":{"@id":"https:\/\/www.mecaconcept.com\/en\/industrial-engineering\/industrial-vision\/vision-applications\/#breadcrumb"},"inLanguage":"en-US","potentialAction":[{"@type":"ReadAction","target":["https:\/\/www.mecaconcept.com\/en\/industrial-engineering\/industrial-vision\/vision-applications\/"]}]},{"@type":"ImageObject","inLanguage":"en-US","@id":"https:\/\/www.mecaconcept.com\/en\/industrial-engineering\/industrial-vision\/vision-applications\/#primaryimage","url":"https:\/\/www.mecaconcept.com\/wp-content\/uploads\/2019\/09\/MECA-CHECK_mecaconcept_800px.png","contentUrl":"https:\/\/www.mecaconcept.com\/wp-content\/uploads\/2019\/09\/MECA-CHECK_mecaconcept_800px.png","width":519,"height":800,"caption":"solution de contr\u00f4les qualit\u00e9"},{"@type":"BreadcrumbList","@id":"https:\/\/www.mecaconcept.com\/en\/industrial-engineering\/industrial-vision\/vision-applications\/#breadcrumb","itemListElement":[{"@type":"ListItem","position":1,"name":"Accueil","item":"https:\/\/www.mecaconcept.com\/en\/"},{"@type":"ListItem","position":2,"name":"industrial engineering","item":"https:\/\/www.mecaconcept.com\/en\/industrial-engineering\/"},{"@type":"ListItem","position":3,"name":"[English] automatisme","item":"https:\/\/www.mecaconcept.com\/en\/industrial-engineering\/industrial-vision\/"},{"@type":"ListItem","position":4,"name":"vision applications"}]},{"@type":"WebSite","@id":"https:\/\/www.mecaconcept.com\/en\/#website","url":"https:\/\/www.mecaconcept.com\/en\/","name":"mecaconcept","description":"Concepteur et constructeur de solutions industrielles sur-mesure","publisher":{"@id":"https:\/\/www.mecaconcept.com\/en\/#organization"},"potentialAction":[{"@type":"SearchAction","target":{"@type":"EntryPoint","urlTemplate":"https:\/\/www.mecaconcept.com\/en\/?s={search_term_string}"},"query-input":{"@type":"PropertyValueSpecification","valueRequired":true,"valueName":"search_term_string"}}],"inLanguage":"en-US"},{"@type":"Organization","@id":"https:\/\/www.mecaconcept.com\/en\/#organization","name":"MECACONCEPT","url":"https:\/\/www.mecaconcept.com\/en\/","logo":{"@type":"ImageObject","inLanguage":"en-US","@id":"https:\/\/www.mecaconcept.com\/en\/#\/schema\/logo\/image\/","url":"https:\/\/www.mecaconcept.com\/wp-content\/uploads\/2016\/12\/LOGO-J-e1482416990703.jpg","contentUrl":"https:\/\/www.mecaconcept.com\/wp-content\/uploads\/2016\/12\/LOGO-J-e1482416990703.jpg","width":343,"height":345,"caption":"MECACONCEPT"},"image":{"@id":"https:\/\/www.mecaconcept.com\/en\/#\/schema\/logo\/image\/"},"sameAs":["https:\/\/www.facebook.com\/mecaconcept42\/","https:\/\/x.com\/mecaconcept","https:\/\/www.linkedin.com\/company\/mecaconcept\/","https:\/\/www.youtube.com\/channel\/UCwEDVQmr1CYgNBthzZwURfw"],"description":"Concepteur et fabricant d\u2019\u00e9quipements industriels sur mesure. Install\u00e9e \u00e0 Roche la Moli\u00e8re depuis 1992, MECACONCEPT est sp\u00e9cialis\u00e9e en ing\u00e9nierie industrielle. Employant une cinquantaine de personnes, MECACONCEPT propose une offre de services \u00e9tendue allant de la conception et fabrication de machines sp\u00e9ciales et lignes automatis\u00e9es \u00e0 l\u2019int\u00e9gration de solutions innovantes en robotique, vision et informatique industrielle. La force de Mecaconcept repose sur son bureau d'\u00e9tudes totalement int\u00e9gr\u00e9 (m\u00e9canique, automatisme, robotique, vision et informatique industrielle) et sa capacit\u00e9 \u00e0 liaisonner l'ensemble de ces savoir-faire dans la r\u00e9alisation de solutions cl\u00e9 en main. MECACONCEPT con\u00e7oit, livre et installe ses machines \u00e0 travers le monde, gr\u00e2ce \u00e0 ses propres \u00e9quipes d\u2019int\u00e9gration et de mise en service. Le groupe dispose \u00e9galement de filiales au Canada et au Maroc.","email":"contact@mecaconcept.com","telephone":"+33477902121","legalName":"ETUDES MECACONCEPT","foundingDate":"1992-11-23","vatID":"FR69389213877","taxID":"38921387700027","numberOfEmployees":{"@type":"QuantitativeValue","minValue":"11","maxValue":"50"}}]}},"_links":{"self":[{"href":"https:\/\/www.mecaconcept.com\/en\/wp-json\/wp\/v2\/pages\/5441","targetHints":{"allow":["GET"]}}],"collection":[{"href":"https:\/\/www.mecaconcept.com\/en\/wp-json\/wp\/v2\/pages"}],"about":[{"href":"https:\/\/www.mecaconcept.com\/en\/wp-json\/wp\/v2\/types\/page"}],"author":[{"embeddable":true,"href":"https:\/\/www.mecaconcept.com\/en\/wp-json\/wp\/v2\/users\/1"}],"replies":[{"embeddable":true,"href":"https:\/\/www.mecaconcept.com\/en\/wp-json\/wp\/v2\/comments?post=5441"}],"version-history":[{"count":3,"href":"https:\/\/www.mecaconcept.com\/en\/wp-json\/wp\/v2\/pages\/5441\/revisions"}],"predecessor-version":[{"id":5444,"href":"https:\/\/www.mecaconcept.com\/en\/wp-json\/wp\/v2\/pages\/5441\/revisions\/5444"}],"up":[{"embeddable":true,"href":"https:\/\/www.mecaconcept.com\/en\/wp-json\/wp\/v2\/pages\/5449"}],"wp:featuredmedia":[{"embeddable":true,"href":"https:\/\/www.mecaconcept.com\/en\/wp-json\/wp\/v2\/media\/11237"}],"wp:attachment":[{"href":"https:\/\/www.mecaconcept.com\/en\/wp-json\/wp\/v2\/media?parent=5441"}],"curies":[{"name":"wp","href":"https:\/\/api.w.org\/{rel}","templated":true}]}}