{"id":5449,"date":"2017-06-14T16:07:08","date_gmt":"2017-06-14T16:07:08","guid":{"rendered":"https:\/\/www.mecaconcept.com\/industrial-engineering\/vision-industrielle\/"},"modified":"2018-10-30T15:38:06","modified_gmt":"2018-10-30T15:38:06","slug":"industrial-vision","status":"publish","type":"page","link":"https:\/\/www.mecaconcept.com\/en\/industrial-engineering\/industrial-vision\/","title":{"rendered":"industrial vision"},"content":{"rendered":"<div id=\"cs-content\" class=\"cs-content\"><\/div>\n","protected":false},"excerpt":{"rendered":"<p>MECACONCEPT,industrial vision MECACONCEPT, integrator and developer of 2D and 3D machine vision solutions From the feasibility study to setting up a powerful and scalable solution our vision department accompany you at all stages of your project. WHY APPEAL TO MECACONCEPT ? TECHNICAL EXPERTISEMecaconcept relies on the know-how and experience of &#8230; <\/p>\n<div><a href=\"https:\/\/www.mecaconcept.com\/en\/industrial-engineering\/industrial-vision\/\" class=\"more-link\">Read More<\/a><\/div>\n","protected":false},"author":1,"featured_media":11744,"parent":2933,"menu_order":0,"comment_status":"closed","ping_status":"closed","template":"template-blank-4.php","meta":{"footnotes":""},"class_list":["post-5449","page","type-page","status-publish","has-post-thumbnail","hentry"],"yoast_head":"<!-- This site is optimized with the Yoast SEO Premium plugin v27.3 (Yoast SEO v27.3) - https:\/\/yoast.com\/product\/yoast-seo-premium-wordpress\/ -->\n<title>[English] Mecaconcept ( St Etienne - Rhone Alpes ) int\u00e9grateur en vision industrielle<\/title>\n<meta name=\"description\" content=\"[English] Bas\u00e9 \u00e0 Saint Etienne, le p\u00f4le mesure, vision et contr\u00f4le de Mecaconcept vous accompagne \u00e0 toutes les \u00e9tapes de votre projet.\" \/>\n<meta name=\"robots\" content=\"index, follow, max-snippet:-1, max-image-preview:large, max-video-preview:-1\" \/>\n<link rel=\"canonical\" href=\"https:\/\/www.mecaconcept.com\/en\/industrial-engineering\/industrial-vision\/\" \/>\n<meta property=\"og:locale\" content=\"en_US\" \/>\n<meta property=\"og:type\" content=\"article\" \/>\n<meta property=\"og:title\" content=\"industrial vision mecaconcept\" \/>\n<meta property=\"og:description\" content=\"[English] Bas\u00e9 \u00e0 Saint Etienne, le p\u00f4le mesure, vision et contr\u00f4le de Mecaconcept vous accompagne \u00e0 toutes les \u00e9tapes de votre projet.\" \/>\n<meta property=\"og:url\" content=\"https:\/\/www.mecaconcept.com\/en\/industrial-engineering\/industrial-vision\/\" \/>\n<meta property=\"og:site_name\" content=\"mecaconcept\" \/>\n<meta property=\"article:publisher\" content=\"https:\/\/www.facebook.com\/mecaconcept42\/\" \/>\n<meta property=\"article:modified_time\" content=\"2018-10-30T15:38:06+00:00\" \/>\n<meta property=\"og:image\" content=\"https:\/\/www.mecaconcept.com\/wp-content\/uploads\/2019\/09\/MECA-1-scaled.webp\" \/>\n\t<meta property=\"og:image:width\" content=\"2560\" \/>\n\t<meta property=\"og:image:height\" content=\"1153\" \/>\n\t<meta property=\"og:image:type\" content=\"image\/webp\" \/>\n<meta name=\"twitter:card\" content=\"summary_large_image\" \/>\n<meta name=\"twitter:image\" content=\"https:\/\/www.mecaconcept.com\/wp-content\/uploads\/2018\/02\/bandeau_vision_mecaconcept.png\" \/>\n<meta name=\"twitter:site\" content=\"@mecaconcept\" \/>\n<meta name=\"twitter:label1\" content=\"Est. reading time\" \/>\n\t<meta name=\"twitter:data1\" content=\"9 minutes\" \/>\n<script type=\"application\/ld+json\" class=\"yoast-schema-graph\">{\"@context\":\"https:\\\/\\\/schema.org\",\"@graph\":[{\"@type\":\"WebPage\",\"@id\":\"https:\\\/\\\/www.mecaconcept.com\\\/en\\\/industrial-engineering\\\/industrial-vision\\\/\",\"url\":\"https:\\\/\\\/www.mecaconcept.com\\\/en\\\/industrial-engineering\\\/industrial-vision\\\/\",\"name\":\"[English] Mecaconcept ( St Etienne - Rhone Alpes ) int\u00e9grateur en vision industrielle\",\"isPartOf\":{\"@id\":\"https:\\\/\\\/www.mecaconcept.com\\\/en\\\/#website\"},\"primaryImageOfPage\":{\"@id\":\"https:\\\/\\\/www.mecaconcept.com\\\/en\\\/industrial-engineering\\\/industrial-vision\\\/#primaryimage\"},\"image\":{\"@id\":\"https:\\\/\\\/www.mecaconcept.com\\\/en\\\/industrial-engineering\\\/industrial-vision\\\/#primaryimage\"},\"thumbnailUrl\":\"https:\\\/\\\/www.mecaconcept.com\\\/wp-content\\\/uploads\\\/2019\\\/09\\\/mecaconcept-application-camera-IA.jpg\",\"datePublished\":\"2017-06-14T16:07:08+00:00\",\"dateModified\":\"2018-10-30T15:38:06+00:00\",\"description\":\"[English] Bas\u00e9 \u00e0 Saint Etienne, le p\u00f4le mesure, vision et contr\u00f4le de Mecaconcept vous accompagne \u00e0 toutes les \u00e9tapes de votre projet.\",\"breadcrumb\":{\"@id\":\"https:\\\/\\\/www.mecaconcept.com\\\/en\\\/industrial-engineering\\\/industrial-vision\\\/#breadcrumb\"},\"inLanguage\":\"en-US\",\"potentialAction\":[{\"@type\":\"ReadAction\",\"target\":[\"https:\\\/\\\/www.mecaconcept.com\\\/en\\\/industrial-engineering\\\/industrial-vision\\\/\"]}]},{\"@type\":\"ImageObject\",\"inLanguage\":\"en-US\",\"@id\":\"https:\\\/\\\/www.mecaconcept.com\\\/en\\\/industrial-engineering\\\/industrial-vision\\\/#primaryimage\",\"url\":\"https:\\\/\\\/www.mecaconcept.com\\\/wp-content\\\/uploads\\\/2019\\\/09\\\/mecaconcept-application-camera-IA.jpg\",\"contentUrl\":\"https:\\\/\\\/www.mecaconcept.com\\\/wp-content\\\/uploads\\\/2019\\\/09\\\/mecaconcept-application-camera-IA.jpg\",\"width\":417,\"height\":298,\"caption\":\"mecaconcept-application-camera-IA\"},{\"@type\":\"BreadcrumbList\",\"@id\":\"https:\\\/\\\/www.mecaconcept.com\\\/en\\\/industrial-engineering\\\/industrial-vision\\\/#breadcrumb\",\"itemListElement\":[{\"@type\":\"ListItem\",\"position\":1,\"name\":\"Accueil\",\"item\":\"https:\\\/\\\/www.mecaconcept.com\\\/en\\\/\"},{\"@type\":\"ListItem\",\"position\":2,\"name\":\"industrial engineering\",\"item\":\"https:\\\/\\\/www.mecaconcept.com\\\/en\\\/industrial-engineering\\\/\"},{\"@type\":\"ListItem\",\"position\":3,\"name\":\"[English] automatisme\"}]},{\"@type\":\"WebSite\",\"@id\":\"https:\\\/\\\/www.mecaconcept.com\\\/en\\\/#website\",\"url\":\"https:\\\/\\\/www.mecaconcept.com\\\/en\\\/\",\"name\":\"mecaconcept\",\"description\":\"Concepteur et constructeur de solutions industrielles sur-mesure\",\"publisher\":{\"@id\":\"https:\\\/\\\/www.mecaconcept.com\\\/en\\\/#organization\"},\"potentialAction\":[{\"@type\":\"SearchAction\",\"target\":{\"@type\":\"EntryPoint\",\"urlTemplate\":\"https:\\\/\\\/www.mecaconcept.com\\\/en\\\/?s={search_term_string}\"},\"query-input\":{\"@type\":\"PropertyValueSpecification\",\"valueRequired\":true,\"valueName\":\"search_term_string\"}}],\"inLanguage\":\"en-US\"},{\"@type\":\"Organization\",\"@id\":\"https:\\\/\\\/www.mecaconcept.com\\\/en\\\/#organization\",\"name\":\"MECACONCEPT\",\"url\":\"https:\\\/\\\/www.mecaconcept.com\\\/en\\\/\",\"logo\":{\"@type\":\"ImageObject\",\"inLanguage\":\"en-US\",\"@id\":\"https:\\\/\\\/www.mecaconcept.com\\\/en\\\/#\\\/schema\\\/logo\\\/image\\\/\",\"url\":\"https:\\\/\\\/www.mecaconcept.com\\\/wp-content\\\/uploads\\\/2016\\\/12\\\/LOGO-J-e1482416990703.jpg\",\"contentUrl\":\"https:\\\/\\\/www.mecaconcept.com\\\/wp-content\\\/uploads\\\/2016\\\/12\\\/LOGO-J-e1482416990703.jpg\",\"width\":343,\"height\":345,\"caption\":\"MECACONCEPT\"},\"image\":{\"@id\":\"https:\\\/\\\/www.mecaconcept.com\\\/en\\\/#\\\/schema\\\/logo\\\/image\\\/\"},\"sameAs\":[\"https:\\\/\\\/www.facebook.com\\\/mecaconcept42\\\/\",\"https:\\\/\\\/x.com\\\/mecaconcept\",\"https:\\\/\\\/www.linkedin.com\\\/company\\\/mecaconcept\\\/\",\"https:\\\/\\\/www.youtube.com\\\/channel\\\/UCwEDVQmr1CYgNBthzZwURfw\"],\"description\":\"Concepteur et fabricant d\u2019\u00e9quipements industriels sur mesure. Install\u00e9e \u00e0 Roche la Moli\u00e8re depuis 1992, MECACONCEPT est sp\u00e9cialis\u00e9e en ing\u00e9nierie industrielle. Employant une cinquantaine de personnes, MECACONCEPT propose une offre de services \u00e9tendue allant de la conception et fabrication de machines sp\u00e9ciales et lignes automatis\u00e9es \u00e0 l\u2019int\u00e9gration de solutions innovantes en robotique, vision et informatique industrielle. La force de Mecaconcept repose sur son bureau d'\u00e9tudes totalement int\u00e9gr\u00e9 (m\u00e9canique, automatisme, robotique, vision et informatique industrielle) et sa capacit\u00e9 \u00e0 liaisonner l'ensemble de ces savoir-faire dans la r\u00e9alisation de solutions cl\u00e9 en main. MECACONCEPT con\u00e7oit, livre et installe ses machines \u00e0 travers le monde, gr\u00e2ce \u00e0 ses propres \u00e9quipes d\u2019int\u00e9gration et de mise en service. Le groupe dispose \u00e9galement de filiales au Canada et au Maroc.\",\"email\":\"contact@mecaconcept.com\",\"telephone\":\"+33477902121\",\"legalName\":\"ETUDES MECACONCEPT\",\"foundingDate\":\"1992-11-23\",\"vatID\":\"FR69389213877\",\"taxID\":\"38921387700027\",\"numberOfEmployees\":{\"@type\":\"QuantitativeValue\",\"minValue\":\"11\",\"maxValue\":\"50\"}}]}<\/script>\n<!-- \/ Yoast SEO Premium plugin. -->","yoast_head_json":{"title":"[English] Mecaconcept ( St Etienne - Rhone Alpes ) int\u00e9grateur en vision industrielle","description":"[English] Bas\u00e9 \u00e0 Saint Etienne, le p\u00f4le mesure, vision et contr\u00f4le de Mecaconcept vous accompagne \u00e0 toutes les \u00e9tapes de votre projet.","robots":{"index":"index","follow":"follow","max-snippet":"max-snippet:-1","max-image-preview":"max-image-preview:large","max-video-preview":"max-video-preview:-1"},"canonical":"https:\/\/www.mecaconcept.com\/en\/industrial-engineering\/industrial-vision\/","og_locale":"en_US","og_type":"article","og_title":"industrial vision mecaconcept","og_description":"[English] Bas\u00e9 \u00e0 Saint Etienne, le p\u00f4le mesure, vision et contr\u00f4le de Mecaconcept vous accompagne \u00e0 toutes les \u00e9tapes de votre projet.","og_url":"https:\/\/www.mecaconcept.com\/en\/industrial-engineering\/industrial-vision\/","og_site_name":"mecaconcept","article_publisher":"https:\/\/www.facebook.com\/mecaconcept42\/","article_modified_time":"2018-10-30T15:38:06+00:00","og_image":[{"width":2560,"height":1153,"url":"https:\/\/www.mecaconcept.com\/wp-content\/uploads\/2019\/09\/MECA-1-scaled.webp","type":"image\/webp"}],"twitter_card":"summary_large_image","twitter_image":"https:\/\/www.mecaconcept.com\/wp-content\/uploads\/2018\/02\/bandeau_vision_mecaconcept.png","twitter_site":"@mecaconcept","twitter_misc":{"Est. reading time":"9 minutes"},"schema":{"@context":"https:\/\/schema.org","@graph":[{"@type":"WebPage","@id":"https:\/\/www.mecaconcept.com\/en\/industrial-engineering\/industrial-vision\/","url":"https:\/\/www.mecaconcept.com\/en\/industrial-engineering\/industrial-vision\/","name":"[English] Mecaconcept ( St Etienne - Rhone Alpes ) int\u00e9grateur en vision industrielle","isPartOf":{"@id":"https:\/\/www.mecaconcept.com\/en\/#website"},"primaryImageOfPage":{"@id":"https:\/\/www.mecaconcept.com\/en\/industrial-engineering\/industrial-vision\/#primaryimage"},"image":{"@id":"https:\/\/www.mecaconcept.com\/en\/industrial-engineering\/industrial-vision\/#primaryimage"},"thumbnailUrl":"https:\/\/www.mecaconcept.com\/wp-content\/uploads\/2019\/09\/mecaconcept-application-camera-IA.jpg","datePublished":"2017-06-14T16:07:08+00:00","dateModified":"2018-10-30T15:38:06+00:00","description":"[English] Bas\u00e9 \u00e0 Saint Etienne, le p\u00f4le mesure, vision et contr\u00f4le de Mecaconcept vous accompagne \u00e0 toutes les \u00e9tapes de votre projet.","breadcrumb":{"@id":"https:\/\/www.mecaconcept.com\/en\/industrial-engineering\/industrial-vision\/#breadcrumb"},"inLanguage":"en-US","potentialAction":[{"@type":"ReadAction","target":["https:\/\/www.mecaconcept.com\/en\/industrial-engineering\/industrial-vision\/"]}]},{"@type":"ImageObject","inLanguage":"en-US","@id":"https:\/\/www.mecaconcept.com\/en\/industrial-engineering\/industrial-vision\/#primaryimage","url":"https:\/\/www.mecaconcept.com\/wp-content\/uploads\/2019\/09\/mecaconcept-application-camera-IA.jpg","contentUrl":"https:\/\/www.mecaconcept.com\/wp-content\/uploads\/2019\/09\/mecaconcept-application-camera-IA.jpg","width":417,"height":298,"caption":"mecaconcept-application-camera-IA"},{"@type":"BreadcrumbList","@id":"https:\/\/www.mecaconcept.com\/en\/industrial-engineering\/industrial-vision\/#breadcrumb","itemListElement":[{"@type":"ListItem","position":1,"name":"Accueil","item":"https:\/\/www.mecaconcept.com\/en\/"},{"@type":"ListItem","position":2,"name":"industrial engineering","item":"https:\/\/www.mecaconcept.com\/en\/industrial-engineering\/"},{"@type":"ListItem","position":3,"name":"[English] automatisme"}]},{"@type":"WebSite","@id":"https:\/\/www.mecaconcept.com\/en\/#website","url":"https:\/\/www.mecaconcept.com\/en\/","name":"mecaconcept","description":"Concepteur et constructeur de solutions industrielles sur-mesure","publisher":{"@id":"https:\/\/www.mecaconcept.com\/en\/#organization"},"potentialAction":[{"@type":"SearchAction","target":{"@type":"EntryPoint","urlTemplate":"https:\/\/www.mecaconcept.com\/en\/?s={search_term_string}"},"query-input":{"@type":"PropertyValueSpecification","valueRequired":true,"valueName":"search_term_string"}}],"inLanguage":"en-US"},{"@type":"Organization","@id":"https:\/\/www.mecaconcept.com\/en\/#organization","name":"MECACONCEPT","url":"https:\/\/www.mecaconcept.com\/en\/","logo":{"@type":"ImageObject","inLanguage":"en-US","@id":"https:\/\/www.mecaconcept.com\/en\/#\/schema\/logo\/image\/","url":"https:\/\/www.mecaconcept.com\/wp-content\/uploads\/2016\/12\/LOGO-J-e1482416990703.jpg","contentUrl":"https:\/\/www.mecaconcept.com\/wp-content\/uploads\/2016\/12\/LOGO-J-e1482416990703.jpg","width":343,"height":345,"caption":"MECACONCEPT"},"image":{"@id":"https:\/\/www.mecaconcept.com\/en\/#\/schema\/logo\/image\/"},"sameAs":["https:\/\/www.facebook.com\/mecaconcept42\/","https:\/\/x.com\/mecaconcept","https:\/\/www.linkedin.com\/company\/mecaconcept\/","https:\/\/www.youtube.com\/channel\/UCwEDVQmr1CYgNBthzZwURfw"],"description":"Concepteur et fabricant d\u2019\u00e9quipements industriels sur mesure. Install\u00e9e \u00e0 Roche la Moli\u00e8re depuis 1992, MECACONCEPT est sp\u00e9cialis\u00e9e en ing\u00e9nierie industrielle. Employant une cinquantaine de personnes, MECACONCEPT propose une offre de services \u00e9tendue allant de la conception et fabrication de machines sp\u00e9ciales et lignes automatis\u00e9es \u00e0 l\u2019int\u00e9gration de solutions innovantes en robotique, vision et informatique industrielle. La force de Mecaconcept repose sur son bureau d'\u00e9tudes totalement int\u00e9gr\u00e9 (m\u00e9canique, automatisme, robotique, vision et informatique industrielle) et sa capacit\u00e9 \u00e0 liaisonner l'ensemble de ces savoir-faire dans la r\u00e9alisation de solutions cl\u00e9 en main. MECACONCEPT con\u00e7oit, livre et installe ses machines \u00e0 travers le monde, gr\u00e2ce \u00e0 ses propres \u00e9quipes d\u2019int\u00e9gration et de mise en service. Le groupe dispose \u00e9galement de filiales au Canada et au Maroc.","email":"contact@mecaconcept.com","telephone":"+33477902121","legalName":"ETUDES MECACONCEPT","foundingDate":"1992-11-23","vatID":"FR69389213877","taxID":"38921387700027","numberOfEmployees":{"@type":"QuantitativeValue","minValue":"11","maxValue":"50"}}]}},"_links":{"self":[{"href":"https:\/\/www.mecaconcept.com\/en\/wp-json\/wp\/v2\/pages\/5449","targetHints":{"allow":["GET"]}}],"collection":[{"href":"https:\/\/www.mecaconcept.com\/en\/wp-json\/wp\/v2\/pages"}],"about":[{"href":"https:\/\/www.mecaconcept.com\/en\/wp-json\/wp\/v2\/types\/page"}],"author":[{"embeddable":true,"href":"https:\/\/www.mecaconcept.com\/en\/wp-json\/wp\/v2\/users\/1"}],"replies":[{"embeddable":true,"href":"https:\/\/www.mecaconcept.com\/en\/wp-json\/wp\/v2\/comments?post=5449"}],"version-history":[{"count":5,"href":"https:\/\/www.mecaconcept.com\/en\/wp-json\/wp\/v2\/pages\/5449\/revisions"}],"predecessor-version":[{"id":6116,"href":"https:\/\/www.mecaconcept.com\/en\/wp-json\/wp\/v2\/pages\/5449\/revisions\/6116"}],"up":[{"embeddable":true,"href":"https:\/\/www.mecaconcept.com\/en\/wp-json\/wp\/v2\/pages\/2933"}],"wp:featuredmedia":[{"embeddable":true,"href":"https:\/\/www.mecaconcept.com\/en\/wp-json\/wp\/v2\/media\/11744"}],"wp:attachment":[{"href":"https:\/\/www.mecaconcept.com\/en\/wp-json\/wp\/v2\/media?parent=5449"}],"curies":[{"name":"wp","href":"https:\/\/api.w.org\/{rel}","templated":true}]}}