{"id":6652,"date":"2019-04-18T16:21:21","date_gmt":"2019-04-18T16:21:21","guid":{"rendered":"https:\/\/www.mecaconcept.com\/industrial-engineering\/integrateur-robotique-industrielle\/"},"modified":"2024-01-25T17:54:24","modified_gmt":"2024-01-25T17:54:24","slug":"industrial-robotics-integrator-france-canada","status":"publish","type":"page","link":"https:\/\/www.mecaconcept.com\/en\/industrial-engineering\/industrial-robotics-integrator-france-canada\/","title":{"rendered":"Industrial robotics"},"content":{"rendered":"<div id=\"cs-content\" class=\"cs-content\"><\/div>\n","protected":false},"excerpt":{"rendered":"<p>MECACONCEPT, DESIGNER AND INTEGRATOR OF INDUSTRIAL ROBOTICS SOLUTIONS &nbsp;[smls id=&#8221;7863&#8243;]YOUR NEEDS : Increase productivity and quality Introduce collaborative or mobile industrial robotics into your company Improve working conditions by relieving operators of repetitive tasks and musculoskeletal disorders (MSDs) Increase your production capacity Integrate new equipment (machine \/ robot) into existing &#8230; <\/p>\n<div><a href=\"https:\/\/www.mecaconcept.com\/en\/industrial-engineering\/industrial-robotics-integrator-france-canada\/\" class=\"more-link\">Read More<\/a><\/div>\n","protected":false},"author":1,"featured_media":12096,"parent":2933,"menu_order":0,"comment_status":"closed","ping_status":"closed","template":"template-blank-4.php","meta":{"footnotes":""},"class_list":["post-6652","page","type-page","status-publish","has-post-thumbnail","hentry"],"yoast_head":"<!-- This site is optimized with the Yoast SEO Premium plugin v27.3 (Yoast SEO v27.3) - https:\/\/yoast.com\/product\/yoast-seo-premium-wordpress\/ -->\n<title>Industrial robotics - mecaconcept<\/title>\n<meta name=\"description\" content=\"Mecaconcept robotics integrator in France, Canada, Morocco : Staubl\u00ef, Fanuc, Kuka, UR ... design and manufacture Robotic cell and island, grippers, integration of collaborative robot for all types of applications\" \/>\n<meta name=\"robots\" content=\"index, follow, max-snippet:-1, max-image-preview:large, max-video-preview:-1\" \/>\n<link rel=\"canonical\" href=\"https:\/\/www.mecaconcept.com\/en\/industrial-engineering\/industrial-robotics-integrator-france-canada\/\" \/>\n<meta property=\"og:locale\" content=\"en_US\" \/>\n<meta property=\"og:type\" content=\"article\" \/>\n<meta property=\"og:title\" content=\"Industrial robotics mecaconcept\" \/>\n<meta property=\"og:description\" content=\"Mecaconcept robotics integrator in France, Canada, Morocco : Staubl\u00ef, Fanuc, Kuka, UR ... design and manufacture Robotic cell and island, grippers, integration of collaborative robot for all types of applications\" \/>\n<meta property=\"og:url\" content=\"https:\/\/www.mecaconcept.com\/en\/industrial-engineering\/industrial-robotics-integrator-france-canada\/\" \/>\n<meta property=\"og:site_name\" content=\"mecaconcept\" \/>\n<meta property=\"article:publisher\" content=\"https:\/\/www.facebook.com\/mecaconcept42\/\" \/>\n<meta property=\"article:modified_time\" content=\"2024-01-25T17:54:24+00:00\" \/>\n<meta property=\"og:image\" content=\"https:\/\/www.mecaconcept.com\/wp-content\/uploads\/2019\/04\/mecaconcept_integrateur-robot-st-etienne.png\" \/>\n\t<meta property=\"og:image:width\" content=\"1200\" \/>\n\t<meta property=\"og:image:height\" content=\"500\" \/>\n\t<meta property=\"og:image:type\" content=\"image\/png\" \/>\n<meta name=\"twitter:card\" content=\"summary_large_image\" \/>\n<meta name=\"twitter:title\" content=\"[English] Mecaconcept int\u00e9grateur robotique - St Etienne - Auvergne Rhone Alpes\" \/>\n<meta name=\"twitter:description\" content=\"[English] Mecaconcept int\u00e9grateur robotique multi-marques sur Saint Etienne en Auvergne Rhone Alpes : Staubl\u00ef, Fanuc, Kuka... r\u00e9alisation de cellules robotis\u00e9e, de pr\u00e9henseurs, int\u00e9gration de robot collaboratif. #robot #usine #fanuc #staubli #kuka #cobot #frenchfab WWW.MECACONCEPT.COM\" \/>\n<meta name=\"twitter:image\" content=\"https:\/\/www.mecaconcept.com\/wp-content\/uploads\/2019\/04\/mecaconcept_integrateur-robot-st-etienne.png\" \/>\n<meta name=\"twitter:site\" content=\"@mecaconcept\" \/>\n<meta name=\"twitter:label1\" content=\"Est. reading time\" \/>\n\t<meta name=\"twitter:data1\" content=\"3 minutes\" \/>\n<script type=\"application\/ld+json\" class=\"yoast-schema-graph\">{\"@context\":\"https:\\\/\\\/schema.org\",\"@graph\":[{\"@type\":\"WebPage\",\"@id\":\"https:\\\/\\\/www.mecaconcept.com\\\/en\\\/industrial-engineering\\\/industrial-robotics-integrator-france-canada\\\/\",\"url\":\"https:\\\/\\\/www.mecaconcept.com\\\/en\\\/industrial-engineering\\\/industrial-robotics-integrator-france-canada\\\/\",\"name\":\"Industrial robotics - mecaconcept\",\"isPartOf\":{\"@id\":\"https:\\\/\\\/www.mecaconcept.com\\\/en\\\/#website\"},\"primaryImageOfPage\":{\"@id\":\"https:\\\/\\\/www.mecaconcept.com\\\/en\\\/industrial-engineering\\\/industrial-robotics-integrator-france-canada\\\/#primaryimage\"},\"image\":{\"@id\":\"https:\\\/\\\/www.mecaconcept.com\\\/en\\\/industrial-engineering\\\/industrial-robotics-integrator-france-canada\\\/#primaryimage\"},\"thumbnailUrl\":\"https:\\\/\\\/www.mecaconcept.com\\\/wp-content\\\/uploads\\\/2019\\\/09\\\/formation-robotique-mecaconcept.jpg\",\"datePublished\":\"2019-04-18T16:21:21+00:00\",\"dateModified\":\"2024-01-25T17:54:24+00:00\",\"description\":\"Mecaconcept robotics integrator in France, Canada, Morocco : Staubl\u00ef, Fanuc, Kuka, UR ... design and manufacture Robotic cell and island, grippers, integration of collaborative robot for all types of applications\",\"breadcrumb\":{\"@id\":\"https:\\\/\\\/www.mecaconcept.com\\\/en\\\/industrial-engineering\\\/industrial-robotics-integrator-france-canada\\\/#breadcrumb\"},\"inLanguage\":\"en-US\",\"potentialAction\":[{\"@type\":\"ReadAction\",\"target\":[\"https:\\\/\\\/www.mecaconcept.com\\\/en\\\/industrial-engineering\\\/industrial-robotics-integrator-france-canada\\\/\"]}]},{\"@type\":\"ImageObject\",\"inLanguage\":\"en-US\",\"@id\":\"https:\\\/\\\/www.mecaconcept.com\\\/en\\\/industrial-engineering\\\/industrial-robotics-integrator-france-canada\\\/#primaryimage\",\"url\":\"https:\\\/\\\/www.mecaconcept.com\\\/wp-content\\\/uploads\\\/2019\\\/09\\\/formation-robotique-mecaconcept.jpg\",\"contentUrl\":\"https:\\\/\\\/www.mecaconcept.com\\\/wp-content\\\/uploads\\\/2019\\\/09\\\/formation-robotique-mecaconcept.jpg\",\"width\":600,\"height\":400},{\"@type\":\"BreadcrumbList\",\"@id\":\"https:\\\/\\\/www.mecaconcept.com\\\/en\\\/industrial-engineering\\\/industrial-robotics-integrator-france-canada\\\/#breadcrumb\",\"itemListElement\":[{\"@type\":\"ListItem\",\"position\":1,\"name\":\"Accueil\",\"item\":\"https:\\\/\\\/www.mecaconcept.com\\\/en\\\/\"},{\"@type\":\"ListItem\",\"position\":2,\"name\":\"industrial engineering\",\"item\":\"https:\\\/\\\/www.mecaconcept.com\\\/en\\\/industrial-engineering\\\/\"},{\"@type\":\"ListItem\",\"position\":3,\"name\":\"Industrial robotics\"}]},{\"@type\":\"WebSite\",\"@id\":\"https:\\\/\\\/www.mecaconcept.com\\\/en\\\/#website\",\"url\":\"https:\\\/\\\/www.mecaconcept.com\\\/en\\\/\",\"name\":\"mecaconcept\",\"description\":\"Concepteur et constructeur de solutions industrielles sur-mesure\",\"publisher\":{\"@id\":\"https:\\\/\\\/www.mecaconcept.com\\\/en\\\/#organization\"},\"potentialAction\":[{\"@type\":\"SearchAction\",\"target\":{\"@type\":\"EntryPoint\",\"urlTemplate\":\"https:\\\/\\\/www.mecaconcept.com\\\/en\\\/?s={search_term_string}\"},\"query-input\":{\"@type\":\"PropertyValueSpecification\",\"valueRequired\":true,\"valueName\":\"search_term_string\"}}],\"inLanguage\":\"en-US\"},{\"@type\":\"Organization\",\"@id\":\"https:\\\/\\\/www.mecaconcept.com\\\/en\\\/#organization\",\"name\":\"MECACONCEPT\",\"url\":\"https:\\\/\\\/www.mecaconcept.com\\\/en\\\/\",\"logo\":{\"@type\":\"ImageObject\",\"inLanguage\":\"en-US\",\"@id\":\"https:\\\/\\\/www.mecaconcept.com\\\/en\\\/#\\\/schema\\\/logo\\\/image\\\/\",\"url\":\"https:\\\/\\\/www.mecaconcept.com\\\/wp-content\\\/uploads\\\/2016\\\/12\\\/LOGO-J-e1482416990703.jpg\",\"contentUrl\":\"https:\\\/\\\/www.mecaconcept.com\\\/wp-content\\\/uploads\\\/2016\\\/12\\\/LOGO-J-e1482416990703.jpg\",\"width\":343,\"height\":345,\"caption\":\"MECACONCEPT\"},\"image\":{\"@id\":\"https:\\\/\\\/www.mecaconcept.com\\\/en\\\/#\\\/schema\\\/logo\\\/image\\\/\"},\"sameAs\":[\"https:\\\/\\\/www.facebook.com\\\/mecaconcept42\\\/\",\"https:\\\/\\\/x.com\\\/mecaconcept\",\"https:\\\/\\\/www.linkedin.com\\\/company\\\/mecaconcept\\\/\",\"https:\\\/\\\/www.youtube.com\\\/channel\\\/UCwEDVQmr1CYgNBthzZwURfw\"],\"description\":\"Concepteur et fabricant d\u2019\u00e9quipements industriels sur mesure. Install\u00e9e \u00e0 Roche la Moli\u00e8re depuis 1992, MECACONCEPT est sp\u00e9cialis\u00e9e en ing\u00e9nierie industrielle. Employant une cinquantaine de personnes, MECACONCEPT propose une offre de services \u00e9tendue allant de la conception et fabrication de machines sp\u00e9ciales et lignes automatis\u00e9es \u00e0 l\u2019int\u00e9gration de solutions innovantes en robotique, vision et informatique industrielle. La force de Mecaconcept repose sur son bureau d'\u00e9tudes totalement int\u00e9gr\u00e9 (m\u00e9canique, automatisme, robotique, vision et informatique industrielle) et sa capacit\u00e9 \u00e0 liaisonner l'ensemble de ces savoir-faire dans la r\u00e9alisation de solutions cl\u00e9 en main. MECACONCEPT con\u00e7oit, livre et installe ses machines \u00e0 travers le monde, gr\u00e2ce \u00e0 ses propres \u00e9quipes d\u2019int\u00e9gration et de mise en service. Le groupe dispose \u00e9galement de filiales au Canada et au Maroc.\",\"email\":\"contact@mecaconcept.com\",\"telephone\":\"+33477902121\",\"legalName\":\"ETUDES MECACONCEPT\",\"foundingDate\":\"1992-11-23\",\"vatID\":\"FR69389213877\",\"taxID\":\"38921387700027\",\"numberOfEmployees\":{\"@type\":\"QuantitativeValue\",\"minValue\":\"11\",\"maxValue\":\"50\"}}]}<\/script>\n<!-- \/ Yoast SEO Premium plugin. -->","yoast_head_json":{"title":"Industrial robotics - mecaconcept","description":"Mecaconcept robotics integrator in France, Canada, Morocco : Staubl\u00ef, Fanuc, Kuka, UR ... design and manufacture Robotic cell and island, grippers, integration of collaborative robot for all types of applications","robots":{"index":"index","follow":"follow","max-snippet":"max-snippet:-1","max-image-preview":"max-image-preview:large","max-video-preview":"max-video-preview:-1"},"canonical":"https:\/\/www.mecaconcept.com\/en\/industrial-engineering\/industrial-robotics-integrator-france-canada\/","og_locale":"en_US","og_type":"article","og_title":"Industrial robotics mecaconcept","og_description":"Mecaconcept robotics integrator in France, Canada, Morocco : Staubl\u00ef, Fanuc, Kuka, UR ... design and manufacture Robotic cell and island, grippers, integration of collaborative robot for all types of applications","og_url":"https:\/\/www.mecaconcept.com\/en\/industrial-engineering\/industrial-robotics-integrator-france-canada\/","og_site_name":"mecaconcept","article_publisher":"https:\/\/www.facebook.com\/mecaconcept42\/","article_modified_time":"2024-01-25T17:54:24+00:00","og_image":[{"width":1200,"height":500,"url":"https:\/\/www.mecaconcept.com\/wp-content\/uploads\/2019\/04\/mecaconcept_integrateur-robot-st-etienne.png","type":"image\/png"}],"twitter_card":"summary_large_image","twitter_title":"[English] Mecaconcept int\u00e9grateur robotique - St Etienne - Auvergne Rhone Alpes","twitter_description":"[English] Mecaconcept int\u00e9grateur robotique multi-marques sur Saint Etienne en Auvergne Rhone Alpes : Staubl\u00ef, Fanuc, Kuka... r\u00e9alisation de cellules robotis\u00e9e, de pr\u00e9henseurs, int\u00e9gration de robot collaboratif. #robot #usine #fanuc #staubli #kuka #cobot #frenchfab WWW.MECACONCEPT.COM","twitter_image":"https:\/\/www.mecaconcept.com\/wp-content\/uploads\/2019\/04\/mecaconcept_integrateur-robot-st-etienne.png","twitter_site":"@mecaconcept","twitter_misc":{"Est. reading time":"3 minutes"},"schema":{"@context":"https:\/\/schema.org","@graph":[{"@type":"WebPage","@id":"https:\/\/www.mecaconcept.com\/en\/industrial-engineering\/industrial-robotics-integrator-france-canada\/","url":"https:\/\/www.mecaconcept.com\/en\/industrial-engineering\/industrial-robotics-integrator-france-canada\/","name":"Industrial robotics - mecaconcept","isPartOf":{"@id":"https:\/\/www.mecaconcept.com\/en\/#website"},"primaryImageOfPage":{"@id":"https:\/\/www.mecaconcept.com\/en\/industrial-engineering\/industrial-robotics-integrator-france-canada\/#primaryimage"},"image":{"@id":"https:\/\/www.mecaconcept.com\/en\/industrial-engineering\/industrial-robotics-integrator-france-canada\/#primaryimage"},"thumbnailUrl":"https:\/\/www.mecaconcept.com\/wp-content\/uploads\/2019\/09\/formation-robotique-mecaconcept.jpg","datePublished":"2019-04-18T16:21:21+00:00","dateModified":"2024-01-25T17:54:24+00:00","description":"Mecaconcept robotics integrator in France, Canada, Morocco : Staubl\u00ef, Fanuc, Kuka, UR ... design and manufacture Robotic cell and island, grippers, integration of collaborative robot for all types of applications","breadcrumb":{"@id":"https:\/\/www.mecaconcept.com\/en\/industrial-engineering\/industrial-robotics-integrator-france-canada\/#breadcrumb"},"inLanguage":"en-US","potentialAction":[{"@type":"ReadAction","target":["https:\/\/www.mecaconcept.com\/en\/industrial-engineering\/industrial-robotics-integrator-france-canada\/"]}]},{"@type":"ImageObject","inLanguage":"en-US","@id":"https:\/\/www.mecaconcept.com\/en\/industrial-engineering\/industrial-robotics-integrator-france-canada\/#primaryimage","url":"https:\/\/www.mecaconcept.com\/wp-content\/uploads\/2019\/09\/formation-robotique-mecaconcept.jpg","contentUrl":"https:\/\/www.mecaconcept.com\/wp-content\/uploads\/2019\/09\/formation-robotique-mecaconcept.jpg","width":600,"height":400},{"@type":"BreadcrumbList","@id":"https:\/\/www.mecaconcept.com\/en\/industrial-engineering\/industrial-robotics-integrator-france-canada\/#breadcrumb","itemListElement":[{"@type":"ListItem","position":1,"name":"Accueil","item":"https:\/\/www.mecaconcept.com\/en\/"},{"@type":"ListItem","position":2,"name":"industrial engineering","item":"https:\/\/www.mecaconcept.com\/en\/industrial-engineering\/"},{"@type":"ListItem","position":3,"name":"Industrial robotics"}]},{"@type":"WebSite","@id":"https:\/\/www.mecaconcept.com\/en\/#website","url":"https:\/\/www.mecaconcept.com\/en\/","name":"mecaconcept","description":"Concepteur et constructeur de solutions industrielles sur-mesure","publisher":{"@id":"https:\/\/www.mecaconcept.com\/en\/#organization"},"potentialAction":[{"@type":"SearchAction","target":{"@type":"EntryPoint","urlTemplate":"https:\/\/www.mecaconcept.com\/en\/?s={search_term_string}"},"query-input":{"@type":"PropertyValueSpecification","valueRequired":true,"valueName":"search_term_string"}}],"inLanguage":"en-US"},{"@type":"Organization","@id":"https:\/\/www.mecaconcept.com\/en\/#organization","name":"MECACONCEPT","url":"https:\/\/www.mecaconcept.com\/en\/","logo":{"@type":"ImageObject","inLanguage":"en-US","@id":"https:\/\/www.mecaconcept.com\/en\/#\/schema\/logo\/image\/","url":"https:\/\/www.mecaconcept.com\/wp-content\/uploads\/2016\/12\/LOGO-J-e1482416990703.jpg","contentUrl":"https:\/\/www.mecaconcept.com\/wp-content\/uploads\/2016\/12\/LOGO-J-e1482416990703.jpg","width":343,"height":345,"caption":"MECACONCEPT"},"image":{"@id":"https:\/\/www.mecaconcept.com\/en\/#\/schema\/logo\/image\/"},"sameAs":["https:\/\/www.facebook.com\/mecaconcept42\/","https:\/\/x.com\/mecaconcept","https:\/\/www.linkedin.com\/company\/mecaconcept\/","https:\/\/www.youtube.com\/channel\/UCwEDVQmr1CYgNBthzZwURfw"],"description":"Concepteur et fabricant d\u2019\u00e9quipements industriels sur mesure. Install\u00e9e \u00e0 Roche la Moli\u00e8re depuis 1992, MECACONCEPT est sp\u00e9cialis\u00e9e en ing\u00e9nierie industrielle. Employant une cinquantaine de personnes, MECACONCEPT propose une offre de services \u00e9tendue allant de la conception et fabrication de machines sp\u00e9ciales et lignes automatis\u00e9es \u00e0 l\u2019int\u00e9gration de solutions innovantes en robotique, vision et informatique industrielle. La force de Mecaconcept repose sur son bureau d'\u00e9tudes totalement int\u00e9gr\u00e9 (m\u00e9canique, automatisme, robotique, vision et informatique industrielle) et sa capacit\u00e9 \u00e0 liaisonner l'ensemble de ces savoir-faire dans la r\u00e9alisation de solutions cl\u00e9 en main. MECACONCEPT con\u00e7oit, livre et installe ses machines \u00e0 travers le monde, gr\u00e2ce \u00e0 ses propres \u00e9quipes d\u2019int\u00e9gration et de mise en service. Le groupe dispose \u00e9galement de filiales au Canada et au Maroc.","email":"contact@mecaconcept.com","telephone":"+33477902121","legalName":"ETUDES MECACONCEPT","foundingDate":"1992-11-23","vatID":"FR69389213877","taxID":"38921387700027","numberOfEmployees":{"@type":"QuantitativeValue","minValue":"11","maxValue":"50"}}]}},"_links":{"self":[{"href":"https:\/\/www.mecaconcept.com\/en\/wp-json\/wp\/v2\/pages\/6652","targetHints":{"allow":["GET"]}}],"collection":[{"href":"https:\/\/www.mecaconcept.com\/en\/wp-json\/wp\/v2\/pages"}],"about":[{"href":"https:\/\/www.mecaconcept.com\/en\/wp-json\/wp\/v2\/types\/page"}],"author":[{"embeddable":true,"href":"https:\/\/www.mecaconcept.com\/en\/wp-json\/wp\/v2\/users\/1"}],"replies":[{"embeddable":true,"href":"https:\/\/www.mecaconcept.com\/en\/wp-json\/wp\/v2\/comments?post=6652"}],"version-history":[{"count":5,"href":"https:\/\/www.mecaconcept.com\/en\/wp-json\/wp\/v2\/pages\/6652\/revisions"}],"predecessor-version":[{"id":13412,"href":"https:\/\/www.mecaconcept.com\/en\/wp-json\/wp\/v2\/pages\/6652\/revisions\/13412"}],"up":[{"embeddable":true,"href":"https:\/\/www.mecaconcept.com\/en\/wp-json\/wp\/v2\/pages\/2933"}],"wp:featuredmedia":[{"embeddable":true,"href":"https:\/\/www.mecaconcept.com\/en\/wp-json\/wp\/v2\/media\/12096"}],"wp:attachment":[{"href":"https:\/\/www.mecaconcept.com\/en\/wp-json\/wp\/v2\/media?parent=6652"}],"curies":[{"name":"wp","href":"https:\/\/api.w.org\/{rel}","templated":true}]}}