{"id":6913,"date":"2019-07-31T13:50:01","date_gmt":"2019-07-31T13:50:01","guid":{"rendered":"https:\/\/www.mecaconcept.com\/?page_id=6913"},"modified":"2025-07-25T10:01:00","modified_gmt":"2025-07-25T10:01:00","slug":"scan-3d-releve-laser-3d-modelisation-3d-industrie-retro-conception","status":"publish","type":"page","link":"https:\/\/www.mecaconcept.com\/en\/industrial-engineering\/scan-3d-releve-laser-3d-modelisation-3d-industrie-retro-conception\/","title":{"rendered":"[English] Scan 3D, relev\u00e9 laser 3D, mod\u00e9lisation 3D industrie"},"content":{"rendered":"[English] <div id=\"cs-content\" class=\"cs-content\"><\/div>\n","protected":false},"excerpt":{"rendered":"<p>[English] MECACONCEPT, RELEVE LASER 3D &#8211; MODELISATION 3D&nbsp; Fort de ses 33 ann&eacute;es d&#8217;exp&eacute;riences en ing&eacute;nierie industrielle, MECACONCEPT&nbsp; propose un service de mod&eacute;lisation 3D de l&#8217;existant, ateliers, b&acirc;timents, skid.. Equip&eacute; de scanner FARO&reg; Focus S70 et de logiciels experts, MECACONCEPT met ses comp&eacute;tences en ing&eacute;nierie de conception au service de &#8230; <\/p>\n<div><a href=\"https:\/\/www.mecaconcept.com\/en\/industrial-engineering\/scan-3d-releve-laser-3d-modelisation-3d-industrie-retro-conception\/\" class=\"more-link\">Read More<\/a><\/div>\n","protected":false},"author":1,"featured_media":0,"parent":2933,"menu_order":0,"comment_status":"closed","ping_status":"closed","template":"template-blank-4.php","meta":{"footnotes":""},"class_list":["post-6913","page","type-page","status-publish","hentry","no-post-thumbnail"],"yoast_head":"<!-- This site is optimized with the Yoast SEO Premium plugin v27.3 (Yoast SEO v27.3) - https:\/\/yoast.com\/product\/yoast-seo-premium-wordpress\/ -->\n<title>[English] Scan 3D, relev\u00e9 laser 3D, mod\u00e9lisation 3D industrie - mecaconcept<\/title>\n<meta name=\"description\" content=\"[English] Vous d\u00e9sirez avoir une maquette 3D de vos installations industrielles et de vos \u00e9quipements ? Contactez MECACONCEPT pour effectuer un scan 3D sur site et exploitez le nuage de points obtenu.\" \/>\n<meta name=\"robots\" content=\"index, follow, max-snippet:-1, max-image-preview:large, max-video-preview:-1\" \/>\n<link rel=\"canonical\" href=\"https:\/\/www.mecaconcept.com\/en\/industrial-engineering\/scan-3d-releve-laser-3d-modelisation-3d-industrie-retro-conception\/\" \/>\n<meta property=\"og:locale\" content=\"en_US\" \/>\n<meta property=\"og:type\" content=\"article\" \/>\n<meta property=\"og:title\" content=\"[English] Scan 3D, relev\u00e9 laser 3D, mod\u00e9lisation 3D industrie mecaconcept\" \/>\n<meta property=\"og:description\" content=\"[English] Vous d\u00e9sirez avoir une maquette 3D de vos installations industrielles et de vos \u00e9quipements ? Contactez MECACONCEPT pour effectuer un scan 3D sur site et exploitez le nuage de points obtenu.\" \/>\n<meta property=\"og:url\" content=\"https:\/\/www.mecaconcept.com\/en\/industrial-engineering\/scan-3d-releve-laser-3d-modelisation-3d-industrie-retro-conception\/\" \/>\n<meta property=\"og:site_name\" content=\"mecaconcept\" \/>\n<meta property=\"article:publisher\" content=\"https:\/\/www.facebook.com\/mecaconcept42\/\" \/>\n<meta property=\"article:modified_time\" content=\"2025-07-25T10:01:00+00:00\" \/>\n<meta name=\"twitter:card\" content=\"summary_large_image\" \/>\n<meta name=\"twitter:title\" content=\"[English] Scan 3D, relev\u00e9 laser 3D, mod\u00e9lisation 3D industrie, r\u00e9tro-conception\" \/>\n<meta name=\"twitter:description\" content=\"[English] Pour r\u00e9aliser la mod\u00e9lisation de vos installations industrielles et \u00e9quipements, faites appel \u00e0 MECACONCEPT sp\u00e9cialis\u00e9 en ing\u00e9nierie industrielle #industrie40 #FARO #3D #maquette #ing\u00e9nerie #SCENE #ScanToBIM #solutions3D #numerisation #batiment\" \/>\n<meta name=\"twitter:site\" content=\"@mecaconcept\" \/>\n<meta name=\"twitter:label1\" content=\"Est. reading time\" \/>\n\t<meta name=\"twitter:data1\" content=\"5 minutes\" \/>\n<script type=\"application\/ld+json\" class=\"yoast-schema-graph\">{\"@context\":\"https:\\\/\\\/schema.org\",\"@graph\":[{\"@type\":\"WebPage\",\"@id\":\"https:\\\/\\\/www.mecaconcept.com\\\/en\\\/industrial-engineering\\\/scan-3d-releve-laser-3d-modelisation-3d-industrie-retro-conception\\\/\",\"url\":\"https:\\\/\\\/www.mecaconcept.com\\\/en\\\/industrial-engineering\\\/scan-3d-releve-laser-3d-modelisation-3d-industrie-retro-conception\\\/\",\"name\":\"[English] Scan 3D, relev\u00e9 laser 3D, mod\u00e9lisation 3D industrie - mecaconcept\",\"isPartOf\":{\"@id\":\"https:\\\/\\\/www.mecaconcept.com\\\/en\\\/#website\"},\"datePublished\":\"2019-07-31T13:50:01+00:00\",\"dateModified\":\"2025-07-25T10:01:00+00:00\",\"description\":\"[English] Vous d\u00e9sirez avoir une maquette 3D de vos installations industrielles et de vos \u00e9quipements ? Contactez MECACONCEPT pour effectuer un scan 3D sur site et exploitez le nuage de points obtenu.\",\"breadcrumb\":{\"@id\":\"https:\\\/\\\/www.mecaconcept.com\\\/en\\\/industrial-engineering\\\/scan-3d-releve-laser-3d-modelisation-3d-industrie-retro-conception\\\/#breadcrumb\"},\"inLanguage\":\"en-US\",\"potentialAction\":[{\"@type\":\"ReadAction\",\"target\":[\"https:\\\/\\\/www.mecaconcept.com\\\/en\\\/industrial-engineering\\\/scan-3d-releve-laser-3d-modelisation-3d-industrie-retro-conception\\\/\"]}]},{\"@type\":\"BreadcrumbList\",\"@id\":\"https:\\\/\\\/www.mecaconcept.com\\\/en\\\/industrial-engineering\\\/scan-3d-releve-laser-3d-modelisation-3d-industrie-retro-conception\\\/#breadcrumb\",\"itemListElement\":[{\"@type\":\"ListItem\",\"position\":1,\"name\":\"Accueil\",\"item\":\"https:\\\/\\\/www.mecaconcept.com\\\/en\\\/\"},{\"@type\":\"ListItem\",\"position\":2,\"name\":\"industrial engineering\",\"item\":\"https:\\\/\\\/www.mecaconcept.com\\\/en\\\/industrial-engineering\\\/\"},{\"@type\":\"ListItem\",\"position\":3,\"name\":\"[English] Scan 3D, relev\u00e9 laser 3D, mod\u00e9lisation 3D industrie\"}]},{\"@type\":\"WebSite\",\"@id\":\"https:\\\/\\\/www.mecaconcept.com\\\/en\\\/#website\",\"url\":\"https:\\\/\\\/www.mecaconcept.com\\\/en\\\/\",\"name\":\"mecaconcept\",\"description\":\"Concepteur et constructeur de solutions industrielles sur-mesure\",\"publisher\":{\"@id\":\"https:\\\/\\\/www.mecaconcept.com\\\/en\\\/#organization\"},\"potentialAction\":[{\"@type\":\"SearchAction\",\"target\":{\"@type\":\"EntryPoint\",\"urlTemplate\":\"https:\\\/\\\/www.mecaconcept.com\\\/en\\\/?s={search_term_string}\"},\"query-input\":{\"@type\":\"PropertyValueSpecification\",\"valueRequired\":true,\"valueName\":\"search_term_string\"}}],\"inLanguage\":\"en-US\"},{\"@type\":\"Organization\",\"@id\":\"https:\\\/\\\/www.mecaconcept.com\\\/en\\\/#organization\",\"name\":\"MECACONCEPT\",\"url\":\"https:\\\/\\\/www.mecaconcept.com\\\/en\\\/\",\"logo\":{\"@type\":\"ImageObject\",\"inLanguage\":\"en-US\",\"@id\":\"https:\\\/\\\/www.mecaconcept.com\\\/en\\\/#\\\/schema\\\/logo\\\/image\\\/\",\"url\":\"https:\\\/\\\/www.mecaconcept.com\\\/wp-content\\\/uploads\\\/2016\\\/12\\\/LOGO-J-e1482416990703.jpg\",\"contentUrl\":\"https:\\\/\\\/www.mecaconcept.com\\\/wp-content\\\/uploads\\\/2016\\\/12\\\/LOGO-J-e1482416990703.jpg\",\"width\":343,\"height\":345,\"caption\":\"MECACONCEPT\"},\"image\":{\"@id\":\"https:\\\/\\\/www.mecaconcept.com\\\/en\\\/#\\\/schema\\\/logo\\\/image\\\/\"},\"sameAs\":[\"https:\\\/\\\/www.facebook.com\\\/mecaconcept42\\\/\",\"https:\\\/\\\/x.com\\\/mecaconcept\",\"https:\\\/\\\/www.linkedin.com\\\/company\\\/mecaconcept\\\/\",\"https:\\\/\\\/www.youtube.com\\\/channel\\\/UCwEDVQmr1CYgNBthzZwURfw\"],\"description\":\"Concepteur et fabricant d\u2019\u00e9quipements industriels sur mesure. Install\u00e9e \u00e0 Roche la Moli\u00e8re depuis 1992, MECACONCEPT est sp\u00e9cialis\u00e9e en ing\u00e9nierie industrielle. Employant une cinquantaine de personnes, MECACONCEPT propose une offre de services \u00e9tendue allant de la conception et fabrication de machines sp\u00e9ciales et lignes automatis\u00e9es \u00e0 l\u2019int\u00e9gration de solutions innovantes en robotique, vision et informatique industrielle. La force de Mecaconcept repose sur son bureau d'\u00e9tudes totalement int\u00e9gr\u00e9 (m\u00e9canique, automatisme, robotique, vision et informatique industrielle) et sa capacit\u00e9 \u00e0 liaisonner l'ensemble de ces savoir-faire dans la r\u00e9alisation de solutions cl\u00e9 en main. MECACONCEPT con\u00e7oit, livre et installe ses machines \u00e0 travers le monde, gr\u00e2ce \u00e0 ses propres \u00e9quipes d\u2019int\u00e9gration et de mise en service. Le groupe dispose \u00e9galement de filiales au Canada et au Maroc.\",\"email\":\"contact@mecaconcept.com\",\"telephone\":\"+33477902121\",\"legalName\":\"ETUDES MECACONCEPT\",\"foundingDate\":\"1992-11-23\",\"vatID\":\"FR69389213877\",\"taxID\":\"38921387700027\",\"numberOfEmployees\":{\"@type\":\"QuantitativeValue\",\"minValue\":\"11\",\"maxValue\":\"50\"}}]}<\/script>\n<!-- \/ Yoast SEO Premium plugin. -->","yoast_head_json":{"title":"[English] Scan 3D, relev\u00e9 laser 3D, mod\u00e9lisation 3D industrie - mecaconcept","description":"[English] Vous d\u00e9sirez avoir une maquette 3D de vos installations industrielles et de vos \u00e9quipements ? Contactez MECACONCEPT pour effectuer un scan 3D sur site et exploitez le nuage de points obtenu.","robots":{"index":"index","follow":"follow","max-snippet":"max-snippet:-1","max-image-preview":"max-image-preview:large","max-video-preview":"max-video-preview:-1"},"canonical":"https:\/\/www.mecaconcept.com\/en\/industrial-engineering\/scan-3d-releve-laser-3d-modelisation-3d-industrie-retro-conception\/","og_locale":"en_US","og_type":"article","og_title":"[English] Scan 3D, relev\u00e9 laser 3D, mod\u00e9lisation 3D industrie mecaconcept","og_description":"[English] Vous d\u00e9sirez avoir une maquette 3D de vos installations industrielles et de vos \u00e9quipements ? Contactez MECACONCEPT pour effectuer un scan 3D sur site et exploitez le nuage de points obtenu.","og_url":"https:\/\/www.mecaconcept.com\/en\/industrial-engineering\/scan-3d-releve-laser-3d-modelisation-3d-industrie-retro-conception\/","og_site_name":"mecaconcept","article_publisher":"https:\/\/www.facebook.com\/mecaconcept42\/","article_modified_time":"2025-07-25T10:01:00+00:00","twitter_card":"summary_large_image","twitter_title":"[English] Scan 3D, relev\u00e9 laser 3D, mod\u00e9lisation 3D industrie, r\u00e9tro-conception","twitter_description":"[English] Pour r\u00e9aliser la mod\u00e9lisation de vos installations industrielles et \u00e9quipements, faites appel \u00e0 MECACONCEPT sp\u00e9cialis\u00e9 en ing\u00e9nierie industrielle #industrie40 #FARO #3D #maquette #ing\u00e9nerie #SCENE #ScanToBIM #solutions3D #numerisation #batiment","twitter_site":"@mecaconcept","twitter_misc":{"Est. reading time":"5 minutes"},"schema":{"@context":"https:\/\/schema.org","@graph":[{"@type":"WebPage","@id":"https:\/\/www.mecaconcept.com\/en\/industrial-engineering\/scan-3d-releve-laser-3d-modelisation-3d-industrie-retro-conception\/","url":"https:\/\/www.mecaconcept.com\/en\/industrial-engineering\/scan-3d-releve-laser-3d-modelisation-3d-industrie-retro-conception\/","name":"[English] Scan 3D, relev\u00e9 laser 3D, mod\u00e9lisation 3D industrie - mecaconcept","isPartOf":{"@id":"https:\/\/www.mecaconcept.com\/en\/#website"},"datePublished":"2019-07-31T13:50:01+00:00","dateModified":"2025-07-25T10:01:00+00:00","description":"[English] Vous d\u00e9sirez avoir une maquette 3D de vos installations industrielles et de vos \u00e9quipements ? Contactez MECACONCEPT pour effectuer un scan 3D sur site et exploitez le nuage de points obtenu.","breadcrumb":{"@id":"https:\/\/www.mecaconcept.com\/en\/industrial-engineering\/scan-3d-releve-laser-3d-modelisation-3d-industrie-retro-conception\/#breadcrumb"},"inLanguage":"en-US","potentialAction":[{"@type":"ReadAction","target":["https:\/\/www.mecaconcept.com\/en\/industrial-engineering\/scan-3d-releve-laser-3d-modelisation-3d-industrie-retro-conception\/"]}]},{"@type":"BreadcrumbList","@id":"https:\/\/www.mecaconcept.com\/en\/industrial-engineering\/scan-3d-releve-laser-3d-modelisation-3d-industrie-retro-conception\/#breadcrumb","itemListElement":[{"@type":"ListItem","position":1,"name":"Accueil","item":"https:\/\/www.mecaconcept.com\/en\/"},{"@type":"ListItem","position":2,"name":"industrial engineering","item":"https:\/\/www.mecaconcept.com\/en\/industrial-engineering\/"},{"@type":"ListItem","position":3,"name":"[English] Scan 3D, relev\u00e9 laser 3D, mod\u00e9lisation 3D industrie"}]},{"@type":"WebSite","@id":"https:\/\/www.mecaconcept.com\/en\/#website","url":"https:\/\/www.mecaconcept.com\/en\/","name":"mecaconcept","description":"Concepteur et constructeur de solutions industrielles sur-mesure","publisher":{"@id":"https:\/\/www.mecaconcept.com\/en\/#organization"},"potentialAction":[{"@type":"SearchAction","target":{"@type":"EntryPoint","urlTemplate":"https:\/\/www.mecaconcept.com\/en\/?s={search_term_string}"},"query-input":{"@type":"PropertyValueSpecification","valueRequired":true,"valueName":"search_term_string"}}],"inLanguage":"en-US"},{"@type":"Organization","@id":"https:\/\/www.mecaconcept.com\/en\/#organization","name":"MECACONCEPT","url":"https:\/\/www.mecaconcept.com\/en\/","logo":{"@type":"ImageObject","inLanguage":"en-US","@id":"https:\/\/www.mecaconcept.com\/en\/#\/schema\/logo\/image\/","url":"https:\/\/www.mecaconcept.com\/wp-content\/uploads\/2016\/12\/LOGO-J-e1482416990703.jpg","contentUrl":"https:\/\/www.mecaconcept.com\/wp-content\/uploads\/2016\/12\/LOGO-J-e1482416990703.jpg","width":343,"height":345,"caption":"MECACONCEPT"},"image":{"@id":"https:\/\/www.mecaconcept.com\/en\/#\/schema\/logo\/image\/"},"sameAs":["https:\/\/www.facebook.com\/mecaconcept42\/","https:\/\/x.com\/mecaconcept","https:\/\/www.linkedin.com\/company\/mecaconcept\/","https:\/\/www.youtube.com\/channel\/UCwEDVQmr1CYgNBthzZwURfw"],"description":"Concepteur et fabricant d\u2019\u00e9quipements industriels sur mesure. Install\u00e9e \u00e0 Roche la Moli\u00e8re depuis 1992, MECACONCEPT est sp\u00e9cialis\u00e9e en ing\u00e9nierie industrielle. Employant une cinquantaine de personnes, MECACONCEPT propose une offre de services \u00e9tendue allant de la conception et fabrication de machines sp\u00e9ciales et lignes automatis\u00e9es \u00e0 l\u2019int\u00e9gration de solutions innovantes en robotique, vision et informatique industrielle. La force de Mecaconcept repose sur son bureau d'\u00e9tudes totalement int\u00e9gr\u00e9 (m\u00e9canique, automatisme, robotique, vision et informatique industrielle) et sa capacit\u00e9 \u00e0 liaisonner l'ensemble de ces savoir-faire dans la r\u00e9alisation de solutions cl\u00e9 en main. MECACONCEPT con\u00e7oit, livre et installe ses machines \u00e0 travers le monde, gr\u00e2ce \u00e0 ses propres \u00e9quipes d\u2019int\u00e9gration et de mise en service. Le groupe dispose \u00e9galement de filiales au Canada et au Maroc.","email":"contact@mecaconcept.com","telephone":"+33477902121","legalName":"ETUDES MECACONCEPT","foundingDate":"1992-11-23","vatID":"FR69389213877","taxID":"38921387700027","numberOfEmployees":{"@type":"QuantitativeValue","minValue":"11","maxValue":"50"}}]}},"_links":{"self":[{"href":"https:\/\/www.mecaconcept.com\/en\/wp-json\/wp\/v2\/pages\/6913","targetHints":{"allow":["GET"]}}],"collection":[{"href":"https:\/\/www.mecaconcept.com\/en\/wp-json\/wp\/v2\/pages"}],"about":[{"href":"https:\/\/www.mecaconcept.com\/en\/wp-json\/wp\/v2\/types\/page"}],"author":[{"embeddable":true,"href":"https:\/\/www.mecaconcept.com\/en\/wp-json\/wp\/v2\/users\/1"}],"replies":[{"embeddable":true,"href":"https:\/\/www.mecaconcept.com\/en\/wp-json\/wp\/v2\/comments?post=6913"}],"version-history":[{"count":5,"href":"https:\/\/www.mecaconcept.com\/en\/wp-json\/wp\/v2\/pages\/6913\/revisions"}],"predecessor-version":[{"id":14371,"href":"https:\/\/www.mecaconcept.com\/en\/wp-json\/wp\/v2\/pages\/6913\/revisions\/14371"}],"up":[{"embeddable":true,"href":"https:\/\/www.mecaconcept.com\/en\/wp-json\/wp\/v2\/pages\/2933"}],"wp:attachment":[{"href":"https:\/\/www.mecaconcept.com\/en\/wp-json\/wp\/v2\/media?parent=6913"}],"curies":[{"name":"wp","href":"https:\/\/api.w.org\/{rel}","templated":true}]}}