{"id":9273,"date":"2021-04-02T13:05:45","date_gmt":"2021-04-02T13:05:45","guid":{"rendered":"https:\/\/www.mecaconcept.com\/industrial-engineering\/integrateur-robotique-industrielle\/cahiers-robotique-1-integrateur-robot\/"},"modified":"2024-01-25T13:44:03","modified_gmt":"2024-01-25T13:44:03","slug":"cahiers-robotique-1-integrateur-robot","status":"publish","type":"page","link":"https:\/\/www.mecaconcept.com\/en\/industrial-engineering\/industrial-robotics-integrator-france-canada\/cahiers-robotique-1-integrateur-robot\/","title":{"rendered":"[English] Les cahiers de la robotique : #1 projet de robotisation &#8211; r\u00f4le d&#8217;un int\u00e9grateur"},"content":{"rendered":"<div id=\"cs-content\" class=\"cs-content\"><\/div>\n","protected":false},"excerpt":{"rendered":"<p>#1 How to make a success of your first robotization project? part 2 How to make a success of your first robotization project? the key stages of the project the main partners focus on the role of the integrator Practical case: Getting started with robotic palletising\u00a0 publication: March 2021 reading &#8230; <\/p>\n<div><a href=\"https:\/\/www.mecaconcept.com\/en\/industrial-engineering\/industrial-robotics-integrator-france-canada\/cahiers-robotique-1-integrateur-robot\/\" class=\"more-link\">Read More<\/a><\/div>\n","protected":false},"author":1,"featured_media":0,"parent":6652,"menu_order":0,"comment_status":"closed","ping_status":"closed","template":"template-blank-4.php","meta":{"footnotes":""},"class_list":["post-9273","page","type-page","status-publish","hentry","no-post-thumbnail"],"yoast_head":"<!-- This site is optimized with the Yoast SEO Premium plugin v27.3 (Yoast SEO v27.3) - https:\/\/yoast.com\/product\/yoast-seo-premium-wordpress\/ -->\n<title>[English] Les cahiers de la robotique : #1 projet de robotisation - r\u00f4le d&#039;un int\u00e9grateur - mecaconcept<\/title>\n<meta name=\"description\" content=\"[English] A travers les cahiers de la robotique, d\u00e9couvrez le r\u00f4le et missions d&#039;un int\u00e9grateur robotique. Int\u00e9grateur \/industriel : une relation de confiance pour un partenariat r\u00e9ussi - par Mecaconcept, int\u00e9grateur multi-marques ind\u00e9pendant.\" \/>\n<meta name=\"robots\" content=\"index, follow, max-snippet:-1, max-image-preview:large, max-video-preview:-1\" \/>\n<link rel=\"canonical\" href=\"https:\/\/www.mecaconcept.com\/en\/industrial-engineering\/industrial-robotics-integrator-france-canada\/cahiers-robotique-1-integrateur-robot\/\" \/>\n<meta property=\"og:locale\" content=\"en_US\" \/>\n<meta property=\"og:type\" content=\"article\" \/>\n<meta property=\"og:title\" content=\"[English] Les cahiers de la robotique : #1 projet de robotisation - r\u00f4le d&#039;un int\u00e9grateur mecaconcept\" \/>\n<meta property=\"og:description\" content=\"[English] A travers les cahiers de la robotique, d\u00e9couvrez le r\u00f4le et missions d&#039;un int\u00e9grateur robotique. Int\u00e9grateur \/industriel : une relation de confiance pour un partenariat r\u00e9ussi - par Mecaconcept, int\u00e9grateur multi-marques ind\u00e9pendant.\" \/>\n<meta property=\"og:url\" content=\"https:\/\/www.mecaconcept.com\/en\/industrial-engineering\/industrial-robotics-integrator-france-canada\/cahiers-robotique-1-integrateur-robot\/\" \/>\n<meta property=\"og:site_name\" content=\"mecaconcept\" \/>\n<meta property=\"article:publisher\" content=\"https:\/\/www.facebook.com\/mecaconcept42\/\" \/>\n<meta property=\"article:modified_time\" content=\"2024-01-25T13:44:03+00:00\" \/>\n<meta property=\"og:image\" content=\"https:\/\/www.mecaconcept.com\/wp-content\/uploads\/2019\/09\/cahiers_robotique_mecaconcept.jpg\" \/>\n<meta name=\"twitter:card\" content=\"summary_large_image\" \/>\n<meta name=\"twitter:site\" content=\"@mecaconcept\" \/>\n<meta name=\"twitter:label1\" content=\"Est. reading time\" \/>\n\t<meta name=\"twitter:data1\" content=\"10 minutes\" \/>\n<script type=\"application\/ld+json\" class=\"yoast-schema-graph\">{\"@context\":\"https:\\\/\\\/schema.org\",\"@graph\":[{\"@type\":\"WebPage\",\"@id\":\"https:\\\/\\\/www.mecaconcept.com\\\/en\\\/industrial-engineering\\\/industrial-robotics-integrator-france-canada\\\/cahiers-robotique-1-integrateur-robot\\\/\",\"url\":\"https:\\\/\\\/www.mecaconcept.com\\\/en\\\/industrial-engineering\\\/industrial-robotics-integrator-france-canada\\\/cahiers-robotique-1-integrateur-robot\\\/\",\"name\":\"[English] Les cahiers de la robotique : #1 projet de robotisation - r\u00f4le d'un int\u00e9grateur - mecaconcept\",\"isPartOf\":{\"@id\":\"https:\\\/\\\/www.mecaconcept.com\\\/en\\\/#website\"},\"primaryImageOfPage\":{\"@id\":\"https:\\\/\\\/www.mecaconcept.com\\\/en\\\/industrial-engineering\\\/industrial-robotics-integrator-france-canada\\\/cahiers-robotique-1-integrateur-robot\\\/#primaryimage\"},\"image\":{\"@id\":\"https:\\\/\\\/www.mecaconcept.com\\\/en\\\/industrial-engineering\\\/industrial-robotics-integrator-france-canada\\\/cahiers-robotique-1-integrateur-robot\\\/#primaryimage\"},\"thumbnailUrl\":\"https:\\\/\\\/www.mecaconcept.com\\\/wp-content\\\/uploads\\\/2019\\\/09\\\/cahiers_robotique_mecaconcept.jpg\",\"datePublished\":\"2021-04-02T13:05:45+00:00\",\"dateModified\":\"2024-01-25T13:44:03+00:00\",\"description\":\"[English] A travers les cahiers de la robotique, d\u00e9couvrez le r\u00f4le et missions d'un int\u00e9grateur robotique. Int\u00e9grateur \\\/industriel : une relation de confiance pour un partenariat r\u00e9ussi - par Mecaconcept, int\u00e9grateur multi-marques ind\u00e9pendant.\",\"breadcrumb\":{\"@id\":\"https:\\\/\\\/www.mecaconcept.com\\\/en\\\/industrial-engineering\\\/industrial-robotics-integrator-france-canada\\\/cahiers-robotique-1-integrateur-robot\\\/#breadcrumb\"},\"inLanguage\":\"en-US\",\"potentialAction\":[{\"@type\":\"ReadAction\",\"target\":[\"https:\\\/\\\/www.mecaconcept.com\\\/en\\\/industrial-engineering\\\/industrial-robotics-integrator-france-canada\\\/cahiers-robotique-1-integrateur-robot\\\/\"]}]},{\"@type\":\"ImageObject\",\"inLanguage\":\"en-US\",\"@id\":\"https:\\\/\\\/www.mecaconcept.com\\\/en\\\/industrial-engineering\\\/industrial-robotics-integrator-france-canada\\\/cahiers-robotique-1-integrateur-robot\\\/#primaryimage\",\"url\":\"https:\\\/\\\/www.mecaconcept.com\\\/wp-content\\\/uploads\\\/2019\\\/09\\\/cahiers_robotique_mecaconcept.jpg\",\"contentUrl\":\"https:\\\/\\\/www.mecaconcept.com\\\/wp-content\\\/uploads\\\/2019\\\/09\\\/cahiers_robotique_mecaconcept.jpg\"},{\"@type\":\"BreadcrumbList\",\"@id\":\"https:\\\/\\\/www.mecaconcept.com\\\/en\\\/industrial-engineering\\\/industrial-robotics-integrator-france-canada\\\/cahiers-robotique-1-integrateur-robot\\\/#breadcrumb\",\"itemListElement\":[{\"@type\":\"ListItem\",\"position\":1,\"name\":\"Accueil\",\"item\":\"https:\\\/\\\/www.mecaconcept.com\\\/en\\\/\"},{\"@type\":\"ListItem\",\"position\":2,\"name\":\"industrial engineering\",\"item\":\"https:\\\/\\\/www.mecaconcept.com\\\/en\\\/industrial-engineering\\\/\"},{\"@type\":\"ListItem\",\"position\":3,\"name\":\"Industrial robotics\",\"item\":\"https:\\\/\\\/www.mecaconcept.com\\\/en\\\/industrial-engineering\\\/industrial-robotics-integrator-france-canada\\\/\"},{\"@type\":\"ListItem\",\"position\":4,\"name\":\"[English] Les cahiers de la robotique : #1 projet de robotisation &#8211; r\u00f4le d&rsquo;un int\u00e9grateur\"}]},{\"@type\":\"WebSite\",\"@id\":\"https:\\\/\\\/www.mecaconcept.com\\\/en\\\/#website\",\"url\":\"https:\\\/\\\/www.mecaconcept.com\\\/en\\\/\",\"name\":\"mecaconcept\",\"description\":\"Concepteur et constructeur de solutions industrielles sur-mesure\",\"publisher\":{\"@id\":\"https:\\\/\\\/www.mecaconcept.com\\\/en\\\/#organization\"},\"potentialAction\":[{\"@type\":\"SearchAction\",\"target\":{\"@type\":\"EntryPoint\",\"urlTemplate\":\"https:\\\/\\\/www.mecaconcept.com\\\/en\\\/?s={search_term_string}\"},\"query-input\":{\"@type\":\"PropertyValueSpecification\",\"valueRequired\":true,\"valueName\":\"search_term_string\"}}],\"inLanguage\":\"en-US\"},{\"@type\":\"Organization\",\"@id\":\"https:\\\/\\\/www.mecaconcept.com\\\/en\\\/#organization\",\"name\":\"MECACONCEPT\",\"url\":\"https:\\\/\\\/www.mecaconcept.com\\\/en\\\/\",\"logo\":{\"@type\":\"ImageObject\",\"inLanguage\":\"en-US\",\"@id\":\"https:\\\/\\\/www.mecaconcept.com\\\/en\\\/#\\\/schema\\\/logo\\\/image\\\/\",\"url\":\"https:\\\/\\\/www.mecaconcept.com\\\/wp-content\\\/uploads\\\/2016\\\/12\\\/LOGO-J-e1482416990703.jpg\",\"contentUrl\":\"https:\\\/\\\/www.mecaconcept.com\\\/wp-content\\\/uploads\\\/2016\\\/12\\\/LOGO-J-e1482416990703.jpg\",\"width\":343,\"height\":345,\"caption\":\"MECACONCEPT\"},\"image\":{\"@id\":\"https:\\\/\\\/www.mecaconcept.com\\\/en\\\/#\\\/schema\\\/logo\\\/image\\\/\"},\"sameAs\":[\"https:\\\/\\\/www.facebook.com\\\/mecaconcept42\\\/\",\"https:\\\/\\\/x.com\\\/mecaconcept\",\"https:\\\/\\\/www.linkedin.com\\\/company\\\/mecaconcept\\\/\",\"https:\\\/\\\/www.youtube.com\\\/channel\\\/UCwEDVQmr1CYgNBthzZwURfw\"],\"description\":\"Concepteur et fabricant d\u2019\u00e9quipements industriels sur mesure. Install\u00e9e \u00e0 Roche la Moli\u00e8re depuis 1992, MECACONCEPT est sp\u00e9cialis\u00e9e en ing\u00e9nierie industrielle. Employant une cinquantaine de personnes, MECACONCEPT propose une offre de services \u00e9tendue allant de la conception et fabrication de machines sp\u00e9ciales et lignes automatis\u00e9es \u00e0 l\u2019int\u00e9gration de solutions innovantes en robotique, vision et informatique industrielle. La force de Mecaconcept repose sur son bureau d'\u00e9tudes totalement int\u00e9gr\u00e9 (m\u00e9canique, automatisme, robotique, vision et informatique industrielle) et sa capacit\u00e9 \u00e0 liaisonner l'ensemble de ces savoir-faire dans la r\u00e9alisation de solutions cl\u00e9 en main. MECACONCEPT con\u00e7oit, livre et installe ses machines \u00e0 travers le monde, gr\u00e2ce \u00e0 ses propres \u00e9quipes d\u2019int\u00e9gration et de mise en service. Le groupe dispose \u00e9galement de filiales au Canada et au Maroc.\",\"email\":\"contact@mecaconcept.com\",\"telephone\":\"+33477902121\",\"legalName\":\"ETUDES MECACONCEPT\",\"foundingDate\":\"1992-11-23\",\"vatID\":\"FR69389213877\",\"taxID\":\"38921387700027\",\"numberOfEmployees\":{\"@type\":\"QuantitativeValue\",\"minValue\":\"11\",\"maxValue\":\"50\"}}]}<\/script>\n<!-- \/ Yoast SEO Premium plugin. -->","yoast_head_json":{"title":"[English] Les cahiers de la robotique : #1 projet de robotisation - r\u00f4le d'un int\u00e9grateur - mecaconcept","description":"[English] A travers les cahiers de la robotique, d\u00e9couvrez le r\u00f4le et missions d'un int\u00e9grateur robotique. Int\u00e9grateur \/industriel : une relation de confiance pour un partenariat r\u00e9ussi - par Mecaconcept, int\u00e9grateur multi-marques ind\u00e9pendant.","robots":{"index":"index","follow":"follow","max-snippet":"max-snippet:-1","max-image-preview":"max-image-preview:large","max-video-preview":"max-video-preview:-1"},"canonical":"https:\/\/www.mecaconcept.com\/en\/industrial-engineering\/industrial-robotics-integrator-france-canada\/cahiers-robotique-1-integrateur-robot\/","og_locale":"en_US","og_type":"article","og_title":"[English] Les cahiers de la robotique : #1 projet de robotisation - r\u00f4le d'un int\u00e9grateur mecaconcept","og_description":"[English] A travers les cahiers de la robotique, d\u00e9couvrez le r\u00f4le et missions d'un int\u00e9grateur robotique. Int\u00e9grateur \/industriel : une relation de confiance pour un partenariat r\u00e9ussi - par Mecaconcept, int\u00e9grateur multi-marques ind\u00e9pendant.","og_url":"https:\/\/www.mecaconcept.com\/en\/industrial-engineering\/industrial-robotics-integrator-france-canada\/cahiers-robotique-1-integrateur-robot\/","og_site_name":"mecaconcept","article_publisher":"https:\/\/www.facebook.com\/mecaconcept42\/","article_modified_time":"2024-01-25T13:44:03+00:00","og_image":[{"url":"https:\/\/www.mecaconcept.com\/wp-content\/uploads\/2019\/09\/cahiers_robotique_mecaconcept.jpg","type":"","width":"","height":""}],"twitter_card":"summary_large_image","twitter_site":"@mecaconcept","twitter_misc":{"Est. reading time":"10 minutes"},"schema":{"@context":"https:\/\/schema.org","@graph":[{"@type":"WebPage","@id":"https:\/\/www.mecaconcept.com\/en\/industrial-engineering\/industrial-robotics-integrator-france-canada\/cahiers-robotique-1-integrateur-robot\/","url":"https:\/\/www.mecaconcept.com\/en\/industrial-engineering\/industrial-robotics-integrator-france-canada\/cahiers-robotique-1-integrateur-robot\/","name":"[English] Les cahiers de la robotique : #1 projet de robotisation - r\u00f4le d'un int\u00e9grateur - mecaconcept","isPartOf":{"@id":"https:\/\/www.mecaconcept.com\/en\/#website"},"primaryImageOfPage":{"@id":"https:\/\/www.mecaconcept.com\/en\/industrial-engineering\/industrial-robotics-integrator-france-canada\/cahiers-robotique-1-integrateur-robot\/#primaryimage"},"image":{"@id":"https:\/\/www.mecaconcept.com\/en\/industrial-engineering\/industrial-robotics-integrator-france-canada\/cahiers-robotique-1-integrateur-robot\/#primaryimage"},"thumbnailUrl":"https:\/\/www.mecaconcept.com\/wp-content\/uploads\/2019\/09\/cahiers_robotique_mecaconcept.jpg","datePublished":"2021-04-02T13:05:45+00:00","dateModified":"2024-01-25T13:44:03+00:00","description":"[English] A travers les cahiers de la robotique, d\u00e9couvrez le r\u00f4le et missions d'un int\u00e9grateur robotique. Int\u00e9grateur \/industriel : une relation de confiance pour un partenariat r\u00e9ussi - par Mecaconcept, int\u00e9grateur multi-marques ind\u00e9pendant.","breadcrumb":{"@id":"https:\/\/www.mecaconcept.com\/en\/industrial-engineering\/industrial-robotics-integrator-france-canada\/cahiers-robotique-1-integrateur-robot\/#breadcrumb"},"inLanguage":"en-US","potentialAction":[{"@type":"ReadAction","target":["https:\/\/www.mecaconcept.com\/en\/industrial-engineering\/industrial-robotics-integrator-france-canada\/cahiers-robotique-1-integrateur-robot\/"]}]},{"@type":"ImageObject","inLanguage":"en-US","@id":"https:\/\/www.mecaconcept.com\/en\/industrial-engineering\/industrial-robotics-integrator-france-canada\/cahiers-robotique-1-integrateur-robot\/#primaryimage","url":"https:\/\/www.mecaconcept.com\/wp-content\/uploads\/2019\/09\/cahiers_robotique_mecaconcept.jpg","contentUrl":"https:\/\/www.mecaconcept.com\/wp-content\/uploads\/2019\/09\/cahiers_robotique_mecaconcept.jpg"},{"@type":"BreadcrumbList","@id":"https:\/\/www.mecaconcept.com\/en\/industrial-engineering\/industrial-robotics-integrator-france-canada\/cahiers-robotique-1-integrateur-robot\/#breadcrumb","itemListElement":[{"@type":"ListItem","position":1,"name":"Accueil","item":"https:\/\/www.mecaconcept.com\/en\/"},{"@type":"ListItem","position":2,"name":"industrial engineering","item":"https:\/\/www.mecaconcept.com\/en\/industrial-engineering\/"},{"@type":"ListItem","position":3,"name":"Industrial robotics","item":"https:\/\/www.mecaconcept.com\/en\/industrial-engineering\/industrial-robotics-integrator-france-canada\/"},{"@type":"ListItem","position":4,"name":"[English] Les cahiers de la robotique : #1 projet de robotisation &#8211; r\u00f4le d&rsquo;un int\u00e9grateur"}]},{"@type":"WebSite","@id":"https:\/\/www.mecaconcept.com\/en\/#website","url":"https:\/\/www.mecaconcept.com\/en\/","name":"mecaconcept","description":"Concepteur et constructeur de solutions industrielles sur-mesure","publisher":{"@id":"https:\/\/www.mecaconcept.com\/en\/#organization"},"potentialAction":[{"@type":"SearchAction","target":{"@type":"EntryPoint","urlTemplate":"https:\/\/www.mecaconcept.com\/en\/?s={search_term_string}"},"query-input":{"@type":"PropertyValueSpecification","valueRequired":true,"valueName":"search_term_string"}}],"inLanguage":"en-US"},{"@type":"Organization","@id":"https:\/\/www.mecaconcept.com\/en\/#organization","name":"MECACONCEPT","url":"https:\/\/www.mecaconcept.com\/en\/","logo":{"@type":"ImageObject","inLanguage":"en-US","@id":"https:\/\/www.mecaconcept.com\/en\/#\/schema\/logo\/image\/","url":"https:\/\/www.mecaconcept.com\/wp-content\/uploads\/2016\/12\/LOGO-J-e1482416990703.jpg","contentUrl":"https:\/\/www.mecaconcept.com\/wp-content\/uploads\/2016\/12\/LOGO-J-e1482416990703.jpg","width":343,"height":345,"caption":"MECACONCEPT"},"image":{"@id":"https:\/\/www.mecaconcept.com\/en\/#\/schema\/logo\/image\/"},"sameAs":["https:\/\/www.facebook.com\/mecaconcept42\/","https:\/\/x.com\/mecaconcept","https:\/\/www.linkedin.com\/company\/mecaconcept\/","https:\/\/www.youtube.com\/channel\/UCwEDVQmr1CYgNBthzZwURfw"],"description":"Concepteur et fabricant d\u2019\u00e9quipements industriels sur mesure. Install\u00e9e \u00e0 Roche la Moli\u00e8re depuis 1992, MECACONCEPT est sp\u00e9cialis\u00e9e en ing\u00e9nierie industrielle. Employant une cinquantaine de personnes, MECACONCEPT propose une offre de services \u00e9tendue allant de la conception et fabrication de machines sp\u00e9ciales et lignes automatis\u00e9es \u00e0 l\u2019int\u00e9gration de solutions innovantes en robotique, vision et informatique industrielle. La force de Mecaconcept repose sur son bureau d'\u00e9tudes totalement int\u00e9gr\u00e9 (m\u00e9canique, automatisme, robotique, vision et informatique industrielle) et sa capacit\u00e9 \u00e0 liaisonner l'ensemble de ces savoir-faire dans la r\u00e9alisation de solutions cl\u00e9 en main. MECACONCEPT con\u00e7oit, livre et installe ses machines \u00e0 travers le monde, gr\u00e2ce \u00e0 ses propres \u00e9quipes d\u2019int\u00e9gration et de mise en service. Le groupe dispose \u00e9galement de filiales au Canada et au Maroc.","email":"contact@mecaconcept.com","telephone":"+33477902121","legalName":"ETUDES MECACONCEPT","foundingDate":"1992-11-23","vatID":"FR69389213877","taxID":"38921387700027","numberOfEmployees":{"@type":"QuantitativeValue","minValue":"11","maxValue":"50"}}]}},"_links":{"self":[{"href":"https:\/\/www.mecaconcept.com\/en\/wp-json\/wp\/v2\/pages\/9273","targetHints":{"allow":["GET"]}}],"collection":[{"href":"https:\/\/www.mecaconcept.com\/en\/wp-json\/wp\/v2\/pages"}],"about":[{"href":"https:\/\/www.mecaconcept.com\/en\/wp-json\/wp\/v2\/types\/page"}],"author":[{"embeddable":true,"href":"https:\/\/www.mecaconcept.com\/en\/wp-json\/wp\/v2\/users\/1"}],"replies":[{"embeddable":true,"href":"https:\/\/www.mecaconcept.com\/en\/wp-json\/wp\/v2\/comments?post=9273"}],"version-history":[{"count":5,"href":"https:\/\/www.mecaconcept.com\/en\/wp-json\/wp\/v2\/pages\/9273\/revisions"}],"predecessor-version":[{"id":9316,"href":"https:\/\/www.mecaconcept.com\/en\/wp-json\/wp\/v2\/pages\/9273\/revisions\/9316"}],"up":[{"embeddable":true,"href":"https:\/\/www.mecaconcept.com\/en\/wp-json\/wp\/v2\/pages\/6652"}],"wp:attachment":[{"href":"https:\/\/www.mecaconcept.com\/en\/wp-json\/wp\/v2\/media?parent=9273"}],"curies":[{"name":"wp","href":"https:\/\/api.w.org\/{rel}","templated":true}]}}